{"id":608236,"date":"2025-08-10T18:36:33","date_gmt":"2025-08-10T16:36:33","guid":{"rendered":"https:\/\/lucacastelli.com\/prodotto\/milwaukee-polish-3000\/"},"modified":"2025-08-10T18:36:33","modified_gmt":"2025-08-10T16:36:33","slug":"milwaukee-polish-3000","status":"publish","type":"product","link":"https:\/\/lucacastelli.com\/fr\/produit\/milwaukee-polish-3000\/","title":{"rendered":"Milwaukee Polish 3000"},"content":{"rendered":"<p>P\u00c2TE BLEUE &#8211; ULTRA FINE (bouteille de 1l)<br \/>\nCompos\u00e9 moyennement fin avec un grain de 3000 pour enlever les rayures fines, les hologrammes et les tourbillons. Sans silicone. Recommand\u00e9e pour une utilisation avec l&#8217;\u00e9ponge superfine bleue et le chiffon de polissage en microfibre bleu.  <\/p>\n<p>Facile \u00e0 utiliser : code couleur pour la p\u00e2te abrasive, l&#8217;\u00e9ponge et le chiffon afin d&#8217;\u00e9viter toute confusion et d&#8217;emp\u00eacher la contamination des diff\u00e9rents compos\u00e9s abrasifs ;P\u00e2te abrasive bleue pour une meilleure finition brillante.<\/p>\n<p>4932492302<br \/>\n4058546416690<\/p>\n","protected":false},"excerpt":{"rendered":"<p>P\u00c2TE BLEUE &#8211; ULTRA FINE (bouteille de 1l)<\/p>\n","protected":false},"featured_media":555797,"template":"","meta":{"_seopress_robots_primary_cat":"none","_seopress_titles_title":"","_seopress_titles_desc":"","_seopress_robots_index":""},"product_brand":[3407],"product_cat":[29,514,555],"product_tag":[3270],"class_list":{"0":"post-608236","1":"product","2":"type-product","3":"status-publish","4":"has-post-thumbnail","6":"product_brand-milwaukee","7":"product_cat-macchinari","8":"product_cat-altri-dispositivi","9":"product_cat-smerigliatrici","10":"product_tag-import-milwau","11":"sws-conto-ricavi-merci-rivendita-macchinari-fr","12":"sws-gruppo-iva-iva81-fr","14":"first","15":"instock","16":"shipping-taxable","17":"purchasable","18":"product-type-simple"},"_links":{"self":[{"href":"https:\/\/lucacastelli.com\/fr\/wp-json\/wp\/v2\/product\/608236","targetHints":{"allow":["GET"]}}],"collection":[{"href":"https:\/\/lucacastelli.com\/fr\/wp-json\/wp\/v2\/product"}],"about":[{"href":"https:\/\/lucacastelli.com\/fr\/wp-json\/wp\/v2\/types\/product"}],"wp:featuredmedia":[{"embeddable":true,"href":"https:\/\/lucacastelli.com\/fr\/wp-json\/wp\/v2\/media\/555797"}],"wp:attachment":[{"href":"https:\/\/lucacastelli.com\/fr\/wp-json\/wp\/v2\/media?parent=608236"}],"wp:term":[{"taxonomy":"product_brand","embeddable":true,"href":"https:\/\/lucacastelli.com\/fr\/wp-json\/wp\/v2\/product_brand?post=608236"},{"taxonomy":"product_cat","embeddable":true,"href":"https:\/\/lucacastelli.com\/fr\/wp-json\/wp\/v2\/product_cat?post=608236"},{"taxonomy":"product_tag","embeddable":true,"href":"https:\/\/lucacastelli.com\/fr\/wp-json\/wp\/v2\/product_tag?post=608236"}],"curies":[{"name":"wp","href":"https:\/\/api.w.org\/{rel}","templated":true}]}}