{"id":608234,"date":"2025-08-10T16:51:12","date_gmt":"2025-08-10T14:51:12","guid":{"rendered":"https:\/\/lucacastelli.com\/prodotto\/milwaukee-trimmer\/"},"modified":"2025-08-10T16:51:12","modified_gmt":"2025-08-10T14:51:12","slug":"milwaukee-trimmer","status":"publish","type":"product","link":"https:\/\/lucacastelli.com\/fr\/produit\/milwaukee-trimmer\/","title":{"rendered":"Milwaukee Trimmer"},"content":{"rendered":"<p>M18 FOPH-EA \/OUTILS DE JARDIN<br \/>\nRallonge de coupe-bordures pour l&#8217;outil multiple M18 FOPH;Con\u00e7ue pour r\u00e9pondre aux besoins de tous les professionnels de l&#8217;entretien du paysage;Parfaite pour les pelouses, les trottoirs et les bords de chemins : coupe nette et propre;La hauteur et la molette r\u00e9glables offrent un maximum de performance et de contr\u00f4le;20.3 cm pour une durabilit\u00e9 et une dur\u00e9e de vie maximales;Jusqu&#8217;\u00e0 3 900 tr\/min pour une coupe propre et efficace;Longueur totale 956 mm<\/p>\n<p>4932464958<br \/>\n4058546229030<\/p>\n","protected":false},"excerpt":{"rendered":"<p>M18 FOPH-EA \/OUTILS DE JARDINAGE<\/p>\n","protected":false},"featured_media":530464,"template":"","meta":{"_seopress_robots_primary_cat":"","_seopress_titles_title":"","_seopress_titles_desc":"","_seopress_robots_index":""},"product_brand":[3407],"product_cat":[29,296],"product_tag":[3270],"class_list":{"0":"post-608234","1":"product","2":"type-product","3":"status-publish","4":"has-post-thumbnail","6":"product_brand-milwaukee","7":"product_cat-macchinari","8":"product_cat-sistemi-kombi-e-multi","9":"product_tag-import-milwau","10":"sws-conto-ricavi-merci-rivendita-macchinari-fr","11":"sws-gruppo-iva-iva81-fr","13":"first","14":"onbackorder","15":"sale","16":"shipping-taxable","17":"purchasable","18":"product-type-simple"},"_links":{"self":[{"href":"https:\/\/lucacastelli.com\/fr\/wp-json\/wp\/v2\/product\/608234","targetHints":{"allow":["GET"]}}],"collection":[{"href":"https:\/\/lucacastelli.com\/fr\/wp-json\/wp\/v2\/product"}],"about":[{"href":"https:\/\/lucacastelli.com\/fr\/wp-json\/wp\/v2\/types\/product"}],"wp:featuredmedia":[{"embeddable":true,"href":"https:\/\/lucacastelli.com\/fr\/wp-json\/wp\/v2\/media\/530464"}],"wp:attachment":[{"href":"https:\/\/lucacastelli.com\/fr\/wp-json\/wp\/v2\/media?parent=608234"}],"wp:term":[{"taxonomy":"product_brand","embeddable":true,"href":"https:\/\/lucacastelli.com\/fr\/wp-json\/wp\/v2\/product_brand?post=608234"},{"taxonomy":"product_cat","embeddable":true,"href":"https:\/\/lucacastelli.com\/fr\/wp-json\/wp\/v2\/product_cat?post=608234"},{"taxonomy":"product_tag","embeddable":true,"href":"https:\/\/lucacastelli.com\/fr\/wp-json\/wp\/v2\/product_tag?post=608234"}],"curies":[{"name":"wp","href":"https:\/\/api.w.org\/{rel}","templated":true}]}}