{"id":608217,"date":"2025-08-13T14:50:17","date_gmt":"2025-08-13T12:50:17","guid":{"rendered":"https:\/\/lucacastelli.com\/prodotto\/trabaldo-voyager\/"},"modified":"2026-01-31T00:02:39","modified_gmt":"2026-01-30T23:02:39","slug":"trabaldo-voyager","status":"publish","type":"product","link":"https:\/\/lucacastelli.com\/fr\/produit\/trabaldo-voyager\/","title":{"rendered":"TRABALDO VOYAGER"},"content":{"rendered":"<p>Pour les amateurs de sobri\u00e9t\u00e9 mais au caract\u00e8re bien tremp\u00e9, VOYAGER reprend les fonctions techniques de MAVERICK en utilisant les m\u00eames mati\u00e8res et les inserts DRYCLIM et MICROFRESH pour un tricot qui peut aussi servir, pourquoi pas, de sous-v\u00eatement d&#8217;automne pour la chasse \u00e0 l&#8217;errance, en profitant de ses propri\u00e9t\u00e9s de respirabilit\u00e9 et de s\u00e9chage rapide.<\/p>\n","protected":false},"excerpt":{"rendered":"<p>Pour les amateurs de sobri\u00e9t\u00e9 mais au caract\u00e8re bien tremp\u00e9, VOYAGER reprend les fonctions techniques de MAVERICK en utilisant les<\/p>\n","protected":false},"featured_media":607524,"template":"","meta":{"_seopress_robots_primary_cat":"none","_seopress_titles_title":"","_seopress_titles_desc":"","_seopress_robots_index":""},"product_brand":[3410],"product_cat":[21,284],"product_tag":[],"class_list":{"0":"post-608217","1":"product","2":"type-product","3":"status-publish","4":"has-post-thumbnail","6":"product_brand-trabaldo-gino","7":"product_cat-abbigliamento","8":"product_cat-abbigliamento-da-lavoro","9":"sws-gruppo-abb-libero-fr","10":"sws-conto-ricavi-merci-rivendita-abbigliamento-fr","11":"sws-gruppo-iva-iva81-fr","13":"first","14":"instock","15":"shipping-taxable","16":"purchasable","17":"product-type-variable","18":"has-default-attributes"},"_links":{"self":[{"href":"https:\/\/lucacastelli.com\/fr\/wp-json\/wp\/v2\/product\/608217","targetHints":{"allow":["GET"]}}],"collection":[{"href":"https:\/\/lucacastelli.com\/fr\/wp-json\/wp\/v2\/product"}],"about":[{"href":"https:\/\/lucacastelli.com\/fr\/wp-json\/wp\/v2\/types\/product"}],"wp:featuredmedia":[{"embeddable":true,"href":"https:\/\/lucacastelli.com\/fr\/wp-json\/wp\/v2\/media\/607524"}],"wp:attachment":[{"href":"https:\/\/lucacastelli.com\/fr\/wp-json\/wp\/v2\/media?parent=608217"}],"wp:term":[{"taxonomy":"product_brand","embeddable":true,"href":"https:\/\/lucacastelli.com\/fr\/wp-json\/wp\/v2\/product_brand?post=608217"},{"taxonomy":"product_cat","embeddable":true,"href":"https:\/\/lucacastelli.com\/fr\/wp-json\/wp\/v2\/product_cat?post=608217"},{"taxonomy":"product_tag","embeddable":true,"href":"https:\/\/lucacastelli.com\/fr\/wp-json\/wp\/v2\/product_tag?post=608217"}],"curies":[{"name":"wp","href":"https:\/\/api.w.org\/{rel}","templated":true}]}}