{"id":608188,"date":"2025-08-13T14:48:56","date_gmt":"2025-08-13T12:48:56","guid":{"rendered":"https:\/\/lucacastelli.com\/prodotto\/trabaldo-icarus\/"},"modified":"2026-01-31T00:02:39","modified_gmt":"2026-01-30T23:02:39","slug":"trabaldo-icarus","status":"publish","type":"product","link":"https:\/\/lucacastelli.com\/fr\/produit\/trabaldo-icarus\/","title":{"rendered":"TRABALDO ICARUS"},"content":{"rendered":"<p>Quel effet cela fait-il de porter un nuage ? Alors tu dois porter ICARUS. Les microfibres qui composent le corps principal MICROFRESH sont parmi les plus fines, les plus douces et les plus l\u00e9g\u00e8res, tandis que pour accentuer la sensation de fra\u00eecheur et souligner les caract\u00e9ristiques techniques, voici les empi\u00e8cements en maille MICROFRESH LIGHT sur les hanches, les aisselles et le dos. N&#8217;oublie pas de l&#8217;enlever de temps en temps.   <\/p>\n","protected":false},"excerpt":{"rendered":"<p>Quel effet cela fait-il de porter un nuage ? Alors tu dois porter ICARUS. Les microfibres qui composent le corps<\/p>\n","protected":false},"featured_media":607493,"template":"","meta":{"_seopress_robots_primary_cat":"none","_seopress_titles_title":"","_seopress_titles_desc":"","_seopress_robots_index":""},"product_brand":[3410],"product_cat":[21,284],"product_tag":[],"class_list":{"0":"post-608188","1":"product","2":"type-product","3":"status-publish","4":"has-post-thumbnail","6":"product_brand-trabaldo-gino","7":"product_cat-abbigliamento","8":"product_cat-abbigliamento-da-lavoro","9":"sws-gruppo-abb-libero-fr","10":"sws-conto-ricavi-merci-rivendita-abbigliamento-fr","11":"sws-gruppo-iva-iva81-fr","13":"first","14":"instock","15":"shipping-taxable","16":"purchasable","17":"product-type-variable","18":"has-default-attributes"},"_links":{"self":[{"href":"https:\/\/lucacastelli.com\/fr\/wp-json\/wp\/v2\/product\/608188","targetHints":{"allow":["GET"]}}],"collection":[{"href":"https:\/\/lucacastelli.com\/fr\/wp-json\/wp\/v2\/product"}],"about":[{"href":"https:\/\/lucacastelli.com\/fr\/wp-json\/wp\/v2\/types\/product"}],"wp:featuredmedia":[{"embeddable":true,"href":"https:\/\/lucacastelli.com\/fr\/wp-json\/wp\/v2\/media\/607493"}],"wp:attachment":[{"href":"https:\/\/lucacastelli.com\/fr\/wp-json\/wp\/v2\/media?parent=608188"}],"wp:term":[{"taxonomy":"product_brand","embeddable":true,"href":"https:\/\/lucacastelli.com\/fr\/wp-json\/wp\/v2\/product_brand?post=608188"},{"taxonomy":"product_cat","embeddable":true,"href":"https:\/\/lucacastelli.com\/fr\/wp-json\/wp\/v2\/product_cat?post=608188"},{"taxonomy":"product_tag","embeddable":true,"href":"https:\/\/lucacastelli.com\/fr\/wp-json\/wp\/v2\/product_tag?post=608188"}],"curies":[{"name":"wp","href":"https:\/\/api.w.org\/{rel}","templated":true}]}}