{"id":608175,"date":"2025-08-13T14:49:15","date_gmt":"2025-08-13T12:49:15","guid":{"rendered":"https:\/\/lucacastelli.com\/prodotto\/formateur-trabaldo\/"},"modified":"2026-01-31T00:02:38","modified_gmt":"2026-01-30T23:02:38","slug":"formateur-trabaldo","status":"publish","type":"product","link":"https:\/\/lucacastelli.com\/fr\/produit\/formateur-trabaldo\/","title":{"rendered":"FORMATEUR TRABALDO"},"content":{"rendered":"<p>Moins, c&#8217;est plus. C&#8217;est le mantra que nous nous sommes r\u00e9p\u00e9t\u00e9 lors de la cr\u00e9ation de TRAINER : le pantalon le plus l\u00e9ger de la collection, d\u00e9di\u00e9 au suivi printanier en montagne ou \u00e0 l&#8217;entra\u00eenement estival avec les chiens. TRAINER est n\u00e9 avec un seul objectif : la l\u00e9g\u00e8ret\u00e9, sans compromis. Pour parvenir au r\u00e9sultat d&#8217;un pantalon ne pesant que 460 g en taille L, capable de transmettre une agr\u00e9able sensation de fra\u00eecheur d\u00e8s les premiers instants, nous avons utilis\u00e9 la technologie COOLMAX\u00ae. Les fibres COOLMAX\u00ae utilis\u00e9es dans le tissu de base, gr\u00e2ce \u00e0 leur configuration particuli\u00e8re de canaux, permettent \u00e0 l&#8217;humidit\u00e9 g\u00e9n\u00e9r\u00e9e par le corps humain en activit\u00e9 de se dissiper sur une plus grande surface du tissu, g\u00e9n\u00e9rant un effet de m\u00e8che qui acc\u00e9l\u00e8re le processus d&#8217;\u00e9vaporation. Tu ne manqueras pas d&#8217;appr\u00e9cier la l\u00e9g\u00e8ret\u00e9 et la fra\u00eecheur de ce pantalon lors des longues promenades, un alli\u00e9 pr\u00e9cieux pendant les mois les plus chauds. Les renforts ont \u00e9galement \u00e9t\u00e9 all\u00e9g\u00e9s par rapport \u00e0 nos standards, gr\u00e2ce \u00e0 l&#8217;utilisation de KETRATEX stretch sur la grande partie de renfort avant et sur la culotte, ce qui donne \u00e0 la fois de la r\u00e9sistance et de l&#8217;\u00e9lasticit\u00e9. Les zones de confort lombaire et la ceinture \u00e9lastiqu\u00e9e mettent l&#8217;accent sur le confort, offrant une libert\u00e9 de mouvement maximale, tandis que l&#8217;insert TITANIAL LIGHT \u00e0 la cheville prot\u00e8ge contre les frottements sans alourdir le v\u00eatement. Le bas du pantalon est r\u00e9glable gr\u00e2ce \u00e0 la fermeture \u00e0 glissi\u00e8re arri\u00e8re, \u00e0 la bande \u00e9lastique avec silicone interne pour l&#8217;adh\u00e9rence \u00e0 la botte, et au crochet de fermeture avant. Enfin, deux poches avant, deux poches lat\u00e9rales et une poche arri\u00e8re compl\u00e8tent la tenue.         <\/p>\n","protected":false},"excerpt":{"rendered":"<p>Moins, c&#8217;est plus. C&#8217;est le mantra que nous nous sommes r\u00e9p\u00e9t\u00e9 lors de la cr\u00e9ation de TRAINER : le pantalon<\/p>\n","protected":false},"featured_media":607508,"template":"","meta":{"_seopress_robots_primary_cat":"none","_seopress_titles_title":"","_seopress_titles_desc":"","_seopress_robots_index":""},"product_brand":[3410],"product_cat":[21,284],"product_tag":[],"class_list":{"0":"post-608175","1":"product","2":"type-product","3":"status-publish","4":"has-post-thumbnail","6":"product_brand-trabaldo-gino","7":"product_cat-abbigliamento","8":"product_cat-abbigliamento-da-lavoro","9":"sws-gruppo-abb-libero-fr","10":"sws-conto-ricavi-merci-rivendita-abbigliamento-fr","11":"sws-gruppo-iva-iva81-fr","13":"first","14":"instock","15":"shipping-taxable","16":"purchasable","17":"product-type-variable","18":"has-default-attributes"},"_links":{"self":[{"href":"https:\/\/lucacastelli.com\/fr\/wp-json\/wp\/v2\/product\/608175","targetHints":{"allow":["GET"]}}],"collection":[{"href":"https:\/\/lucacastelli.com\/fr\/wp-json\/wp\/v2\/product"}],"about":[{"href":"https:\/\/lucacastelli.com\/fr\/wp-json\/wp\/v2\/types\/product"}],"wp:featuredmedia":[{"embeddable":true,"href":"https:\/\/lucacastelli.com\/fr\/wp-json\/wp\/v2\/media\/607508"}],"wp:attachment":[{"href":"https:\/\/lucacastelli.com\/fr\/wp-json\/wp\/v2\/media?parent=608175"}],"wp:term":[{"taxonomy":"product_brand","embeddable":true,"href":"https:\/\/lucacastelli.com\/fr\/wp-json\/wp\/v2\/product_brand?post=608175"},{"taxonomy":"product_cat","embeddable":true,"href":"https:\/\/lucacastelli.com\/fr\/wp-json\/wp\/v2\/product_cat?post=608175"},{"taxonomy":"product_tag","embeddable":true,"href":"https:\/\/lucacastelli.com\/fr\/wp-json\/wp\/v2\/product_tag?post=608175"}],"curies":[{"name":"wp","href":"https:\/\/api.w.org\/{rel}","templated":true}]}}