{"id":608096,"date":"2025-08-13T14:26:15","date_gmt":"2025-08-13T12:26:15","guid":{"rendered":"https:\/\/lucacastelli.com\/prodotto\/altitude-du-trabaldo\/"},"modified":"2026-01-31T00:02:40","modified_gmt":"2026-01-30T23:02:40","slug":"altitude-du-trabaldo","status":"publish","type":"product","link":"https:\/\/lucacastelli.com\/fr\/produit\/altitude-du-trabaldo\/","title":{"rendered":"ALTITUDE DU TRABALDO"},"content":{"rendered":"<p>Le gilet n\u00e9 de la tradition de la chasse alpine qui incarne son ADN en le faisant \u00e9voluer dans le style ALPINE CHALLENGE. ALTITUDE est notre r\u00e9ponse au chasseur de montagne qui recherche un gilet \u00e9quip\u00e9 d&#8217;un logement pour jumelles. Tous les mat\u00e9riaux et caract\u00e9ristiques techniques visent \u00e0 trouver l&#8217;\u00e9quilibre parfait entre l\u00e9g\u00e8ret\u00e9, capacit\u00e9 et protection. La face avant est en membrane coupe-vent WINDSYSTEM pour prot\u00e9ger contre l&#8217;effet de refroidissement \u00e9olien, tandis que le dos est en CORDURA\u00ae ripstop stretch, qui facilite la respirabilit\u00e9 sans sacrifier la robustesse. ALTITUDE reprend \u00e9galement les inserts typiques de la ligne pour les \u00e9paules et les hanches, qui sont en TITANIAL et KETRATEX stretch, pour prot\u00e9ger les parties les plus expos\u00e9es \u00e0 l&#8217;usure due au port du sac \u00e0 dos et du fusil, mais sans affecter le poids (520 g. taille L). Les caract\u00e9ristiques techniques sont nombreuses : une fermeture \u00e0 glissi\u00e8re \u00e0 ouverture lat\u00e9rale pour faciliter l&#8217;essayage, une fermeture \u00e0 glissi\u00e8re frontale avec col relev\u00e9 pour une meilleure protection contre le vent, et une fermeture \u00e0 glissi\u00e8re g\u00e9n\u00e9reuse qui permet d&#8217;ouvrir le bas du gilet, maximisant la respirabilit\u00e9 en cas de besoin, ou facilitant l&#8217;acc\u00e8s aux poches int\u00e9rieures. En plus du logement frontal pour les jumelles, qui peut \u00eatre ajust\u00e9 \u00e0 l&#8217;aide d&#8217;une fermeture \u00e0 glissi\u00e8re et d&#8217;un velcro, ALTITUDE dispose de deux poches avant avec soufflets, de deux poches lat\u00e9rales, d&#8217;un casier \u00e0 viande \u00e0 l&#8217;arri\u00e8re et de deux poches int\u00e9rieures. De la surveillance estivale aux longues traques automnales en montagne, ALTITUDE te donnera la nette impression de ne rien manquer.       <\/p>\n","protected":false},"excerpt":{"rendered":"<p>Le gilet n\u00e9 de la tradition de la chasse alpine qui incarne son ADN en le faisant \u00e9voluer dans le<\/p>\n","protected":false},"featured_media":607409,"template":"","meta":{"_seopress_robots_primary_cat":"none","_seopress_titles_title":"","_seopress_titles_desc":"","_seopress_robots_index":""},"product_brand":[3410],"product_cat":[21,284],"product_tag":[],"class_list":{"0":"post-608096","1":"product","2":"type-product","3":"status-publish","4":"has-post-thumbnail","6":"product_brand-trabaldo-gino","7":"product_cat-abbigliamento","8":"product_cat-abbigliamento-da-lavoro","9":"sws-gruppo-abb-libero-fr","10":"sws-conto-ricavi-merci-rivendita-abbigliamento-fr","11":"sws-gruppo-iva-iva81-fr","13":"first","14":"instock","15":"shipping-taxable","16":"purchasable","17":"product-type-variable","18":"has-default-attributes"},"_links":{"self":[{"href":"https:\/\/lucacastelli.com\/fr\/wp-json\/wp\/v2\/product\/608096","targetHints":{"allow":["GET"]}}],"collection":[{"href":"https:\/\/lucacastelli.com\/fr\/wp-json\/wp\/v2\/product"}],"about":[{"href":"https:\/\/lucacastelli.com\/fr\/wp-json\/wp\/v2\/types\/product"}],"wp:featuredmedia":[{"embeddable":true,"href":"https:\/\/lucacastelli.com\/fr\/wp-json\/wp\/v2\/media\/607409"}],"wp:attachment":[{"href":"https:\/\/lucacastelli.com\/fr\/wp-json\/wp\/v2\/media?parent=608096"}],"wp:term":[{"taxonomy":"product_brand","embeddable":true,"href":"https:\/\/lucacastelli.com\/fr\/wp-json\/wp\/v2\/product_brand?post=608096"},{"taxonomy":"product_cat","embeddable":true,"href":"https:\/\/lucacastelli.com\/fr\/wp-json\/wp\/v2\/product_cat?post=608096"},{"taxonomy":"product_tag","embeddable":true,"href":"https:\/\/lucacastelli.com\/fr\/wp-json\/wp\/v2\/product_tag?post=608096"}],"curies":[{"name":"wp","href":"https:\/\/api.w.org\/{rel}","templated":true}]}}