{"id":608092,"date":"2025-08-13T14:25:41","date_gmt":"2025-08-13T12:25:41","guid":{"rendered":"https:\/\/lucacastelli.com\/prodotto\/trabaldo-maillot-m-l\/"},"modified":"2026-01-31T00:02:40","modified_gmt":"2026-01-30T23:02:40","slug":"trabaldo-maillot-m-l","status":"publish","type":"product","link":"https:\/\/lucacastelli.com\/fr\/produit\/trabaldo-maillot-m-l\/","title":{"rendered":"TRABALDO Maillot M\/L"},"content":{"rendered":"<p>Sous-v\u00eatement con\u00e7u pour les activit\u00e9s prolong\u00e9es de haute intensit\u00e9, lorsque maximiser la respirabilit\u00e9 et la s\u00e9cheresse est crucial pour nos performances. Pesant seulement 70 g (taille L\/XL), c&#8217;est la solution la plus l\u00e9g\u00e8re pour ceux qui recherchent une couche de base technique pour l&#8217;\u00e9t\u00e9 ou la mi-saison. Gr\u00e2ce \u00e0 la construction SEAMLESS technology et au pourcentage \u00e9lev\u00e9 de polypropyl\u00e8ne DRYARN\u00ae, ce sous-v\u00eatement allie une agr\u00e9able sensation de douceur au contact de la peau, des propri\u00e9t\u00e9s de respirabilit\u00e9 \u00e9lev\u00e9es et un s\u00e9chage rapide. L&#8217;utilisation de fibres d&#8217;argent au niveau des aisselles gr\u00e2ce \u00e0 son action bact\u00e9riostatique augmente les performances antibact\u00e9riennes, r\u00e9duisant ainsi l&#8217;apparition d&#8217;odeurs d\u00e9sagr\u00e9ables dues \u00e0 une utilisation intense et prolong\u00e9e.   <\/p>\n","protected":false},"excerpt":{"rendered":"<p>Sous-v\u00eatement con\u00e7u pour les activit\u00e9s prolong\u00e9es de haute intensit\u00e9, lorsque maximiser la respirabilit\u00e9 et la s\u00e9cheresse est crucial pour nos<\/p>\n","protected":false},"featured_media":607395,"template":"","meta":{"_seopress_robots_primary_cat":"none","_seopress_titles_title":"","_seopress_titles_desc":"","_seopress_robots_index":""},"product_brand":[3410],"product_cat":[21,284],"product_tag":[],"class_list":{"0":"post-608092","1":"product","2":"type-product","3":"status-publish","4":"has-post-thumbnail","6":"product_brand-trabaldo-gino","7":"product_cat-abbigliamento","8":"product_cat-abbigliamento-da-lavoro","9":"sws-gruppo-abb-libero-fr","10":"sws-conto-ricavi-merci-rivendita-abbigliamento-fr","11":"sws-gruppo-iva-iva81-fr","13":"first","14":"instock","15":"shipping-taxable","16":"purchasable","17":"product-type-variable","18":"has-default-attributes"},"_links":{"self":[{"href":"https:\/\/lucacastelli.com\/fr\/wp-json\/wp\/v2\/product\/608092","targetHints":{"allow":["GET"]}}],"collection":[{"href":"https:\/\/lucacastelli.com\/fr\/wp-json\/wp\/v2\/product"}],"about":[{"href":"https:\/\/lucacastelli.com\/fr\/wp-json\/wp\/v2\/types\/product"}],"wp:featuredmedia":[{"embeddable":true,"href":"https:\/\/lucacastelli.com\/fr\/wp-json\/wp\/v2\/media\/607395"}],"wp:attachment":[{"href":"https:\/\/lucacastelli.com\/fr\/wp-json\/wp\/v2\/media?parent=608092"}],"wp:term":[{"taxonomy":"product_brand","embeddable":true,"href":"https:\/\/lucacastelli.com\/fr\/wp-json\/wp\/v2\/product_brand?post=608092"},{"taxonomy":"product_cat","embeddable":true,"href":"https:\/\/lucacastelli.com\/fr\/wp-json\/wp\/v2\/product_cat?post=608092"},{"taxonomy":"product_tag","embeddable":true,"href":"https:\/\/lucacastelli.com\/fr\/wp-json\/wp\/v2\/product_tag?post=608092"}],"curies":[{"name":"wp","href":"https:\/\/api.w.org\/{rel}","templated":true}]}}