{"id":608069,"date":"2025-08-13T14:25:25","date_gmt":"2025-08-13T12:25:25","guid":{"rendered":"https:\/\/lucacastelli.com\/prodotto\/trabaldo-camp-noir\/"},"modified":"2026-01-31T00:02:44","modified_gmt":"2026-01-30T23:02:44","slug":"trabaldo-camp-noir","status":"publish","type":"product","link":"https:\/\/lucacastelli.com\/fr\/produit\/trabaldo-camp-noir\/","title":{"rendered":"TRABALDO CAMP NOIR"},"content":{"rendered":"<p>Lorsque nous ne parvenons pas \u00e0 trouver le bon \u00e9quilibre entre thermique, poids et respirabilit\u00e9, CAMP s&#8217;en charge. Une couche interm\u00e9diaire au rapport thermique\/l\u00e9g\u00e8ret\u00e9 \u00e9lev\u00e9, rendu possible par l&#8217;utilisation de la technologie HIGH LOFT\u2122 de POLARTEC\u00ae. La structure volumineuse et douce de cette polaire augmente son pouvoir isolant tout en offrant une compressibilit\u00e9 et une l\u00e9g\u00e8ret\u00e9 \u00e9lev\u00e9es. Ces propri\u00e9t\u00e9s, associ\u00e9es \u00e0 l&#8217;\u00e9vacuation rapide de la transpiration, font de CAMP le compagnon id\u00e9al pour les longues randonn\u00e9es en montagne. En combinaison sur les \u00e9paules et les manches, nous avons employ\u00e9 la technologie POWER AIR\u2122 : \u00e0 l&#8217;int\u00e9rieur de chaque cellule individuelle est encapsul\u00e9 un fil de polyester capable de cr\u00e9er une poche d&#8217;air qui agit comme un isolant thermique. Il en r\u00e9sulte un tissu \u00e0 la main douce et aux qualit\u00e9s isolantes \u00e9lev\u00e9es par rapport \u00e0 un volume r\u00e9duit et une grande \u00e9lasticit\u00e9. Enfin, la finition Hard-Face appliqu\u00e9e dans les zones les plus sollicit\u00e9es r\u00e9duit l&#8217;apparition de bouloches r\u00e9sultant du frottement contre les couches superpos\u00e9es. Deux poches en bas pour ranger les petits accessoires compl\u00e8tent l&#8217;\u00e9quipement.<br \/>\nLigne ALPINE CHALLENGE<br \/>\nCette ligne est d\u00e9di\u00e9e \u00e0 la chasse aux ongul\u00e9s en s\u00e9lection, \u00e0 l&#8217;approche et en montagne. Des poids l\u00e9gers et des propri\u00e9t\u00e9s d&#8217;isolation \u00e9lev\u00e9es avec des restrictions strictes de volume et de poids garantissent performance et confort d&#8217;utilisation. Le savoir-faire des professionnels de la montagne avec lesquels ces produits ont \u00e9t\u00e9 d\u00e9velopp\u00e9s, rencontre ici des technologies telles que POLARTEC\u00ae, PRIMALOFT\u00ae et SCHOELLER\u00ae. Enfin, la combinaison avec des tissus plus sp\u00e9cifiques \u00e0 la chasse, comme nos TITANIAL et KETRATEX, offre le match parfait pour chaque chasseur de montagne.          <\/p>\n","protected":false},"excerpt":{"rendered":"<p>Lorsque nous ne parvenons pas \u00e0 trouver le bon \u00e9quilibre entre thermique, poids et respirabilit\u00e9, CAMP s&#8217;en charge. Une couche<\/p>\n","protected":false},"featured_media":607387,"template":"","meta":{"_seopress_robots_primary_cat":"none","_seopress_titles_title":"","_seopress_titles_desc":"","_seopress_robots_index":""},"product_brand":[3676],"product_cat":[81,1381],"product_tag":[],"class_list":{"0":"post-608069","1":"product","2":"type-product","3":"status-publish","4":"has-post-thumbnail","6":"product_brand-trabaldo-gino-fr","7":"product_cat-vetements","8":"product_cat-vetements-de-travail","9":"sws-gruppo-abb-libero-fr","10":"sws-conto-ricavi-merci-rivendita-abbigliamento-fr","11":"sws-gruppo-iva-iva81-fr","13":"first","14":"instock","15":"shipping-taxable","16":"purchasable","17":"product-type-variable","18":"has-default-attributes"},"_links":{"self":[{"href":"https:\/\/lucacastelli.com\/fr\/wp-json\/wp\/v2\/product\/608069","targetHints":{"allow":["GET"]}}],"collection":[{"href":"https:\/\/lucacastelli.com\/fr\/wp-json\/wp\/v2\/product"}],"about":[{"href":"https:\/\/lucacastelli.com\/fr\/wp-json\/wp\/v2\/types\/product"}],"wp:featuredmedia":[{"embeddable":true,"href":"https:\/\/lucacastelli.com\/fr\/wp-json\/wp\/v2\/media\/607387"}],"wp:attachment":[{"href":"https:\/\/lucacastelli.com\/fr\/wp-json\/wp\/v2\/media?parent=608069"}],"wp:term":[{"taxonomy":"product_brand","embeddable":true,"href":"https:\/\/lucacastelli.com\/fr\/wp-json\/wp\/v2\/product_brand?post=608069"},{"taxonomy":"product_cat","embeddable":true,"href":"https:\/\/lucacastelli.com\/fr\/wp-json\/wp\/v2\/product_cat?post=608069"},{"taxonomy":"product_tag","embeddable":true,"href":"https:\/\/lucacastelli.com\/fr\/wp-json\/wp\/v2\/product_tag?post=608069"}],"curies":[{"name":"wp","href":"https:\/\/api.w.org\/{rel}","templated":true}]}}