{"id":608054,"date":"2025-08-13T13:41:15","date_gmt":"2025-08-13T11:41:15","guid":{"rendered":"https:\/\/lucacastelli.com\/prodotto\/flux-de-trabaldo\/"},"modified":"2026-03-01T00:25:02","modified_gmt":"2026-02-28T23:25:02","slug":"flux-de-trabaldo","status":"publish","type":"product","link":"https:\/\/lucacastelli.com\/fr\/produit\/flux-de-trabaldo\/","title":{"rendered":"FLUX DE TRABALDO"},"content":{"rendered":"<p>N\u00e9 pour ceux qui veulent emmener leur passion avec eux dans les mois d&#8217;\u00e9t\u00e9. STREAM est le pantalon court de la ligne 18000 d\u00e9di\u00e9 aux recensements d&#8217;\u00e9t\u00e9 ou, plus g\u00e9n\u00e9ralement, \u00e0 toutes les activit\u00e9s de plein air que l&#8217;on peut pratiquer pendant la saison chaude. Ne te laisse pas tromper, STREAM englobe toutes les caract\u00e9ristiques techniques typiques de TRABALDO : le tissu de base est en SENSITIVE\u00ae, l\u00e9ger, frais et extr\u00eamement respirant. Le module d&#8217;\u00e9lasticit\u00e9 \u00e9lev\u00e9 typique des tissus SENSITIVE\u00ae garantit un confort sans compromis, tandis que la culotte extensible KETRATEX offre protection et libert\u00e9 de mouvement. La Ceinture \u00e9lastique assure la respirabilit\u00e9, la l\u00e9g\u00e8ret\u00e9 et un ajustement confortable et ajust\u00e9. Que tu partes pour une longue randonn\u00e9e en montagne ou que tu t&#8217;entra\u00eenes avec tes assistants, le STREAM avec ses seulement 320 g (taille L) te procurera une agr\u00e9able sensation de fra\u00eecheur m\u00eame en \u00e9t\u00e9. Deux poches \u00e0 soufflet sur les c\u00f4t\u00e9s et une dans le dos compl\u00e8tent la tenue.      <\/p>\n","protected":false},"excerpt":{"rendered":"<p>N\u00e9 pour ceux qui veulent emmener leur passion avec eux dans les mois d&#8217;\u00e9t\u00e9. STREAM est le pantalon court de<\/p>\n","protected":false},"featured_media":607211,"template":"","meta":{"_seopress_robots_primary_cat":"none","_seopress_titles_title":"","_seopress_titles_desc":"","_seopress_robots_index":""},"product_brand":[3410],"product_cat":[21,284],"product_tag":[],"class_list":{"0":"post-608054","1":"product","2":"type-product","3":"status-publish","4":"has-post-thumbnail","6":"product_brand-trabaldo-gino","7":"product_cat-abbigliamento","8":"product_cat-abbigliamento-da-lavoro","9":"sws-gruppo-abb-libero-fr","10":"sws-conto-ricavi-merci-rivendita-abbigliamento-fr","11":"sws-gruppo-iva-iva81-fr","13":"first","14":"instock","15":"shipping-taxable","16":"purchasable","17":"product-type-variable","18":"has-default-attributes"},"_links":{"self":[{"href":"https:\/\/lucacastelli.com\/fr\/wp-json\/wp\/v2\/product\/608054","targetHints":{"allow":["GET"]}}],"collection":[{"href":"https:\/\/lucacastelli.com\/fr\/wp-json\/wp\/v2\/product"}],"about":[{"href":"https:\/\/lucacastelli.com\/fr\/wp-json\/wp\/v2\/types\/product"}],"wp:featuredmedia":[{"embeddable":true,"href":"https:\/\/lucacastelli.com\/fr\/wp-json\/wp\/v2\/media\/607211"}],"wp:attachment":[{"href":"https:\/\/lucacastelli.com\/fr\/wp-json\/wp\/v2\/media?parent=608054"}],"wp:term":[{"taxonomy":"product_brand","embeddable":true,"href":"https:\/\/lucacastelli.com\/fr\/wp-json\/wp\/v2\/product_brand?post=608054"},{"taxonomy":"product_cat","embeddable":true,"href":"https:\/\/lucacastelli.com\/fr\/wp-json\/wp\/v2\/product_cat?post=608054"},{"taxonomy":"product_tag","embeddable":true,"href":"https:\/\/lucacastelli.com\/fr\/wp-json\/wp\/v2\/product_tag?post=608054"}],"curies":[{"name":"wp","href":"https:\/\/api.w.org\/{rel}","templated":true}]}}