{"id":608040,"date":"2025-08-13T13:52:16","date_gmt":"2025-08-13T11:52:16","guid":{"rendered":"https:\/\/lucacastelli.com\/prodotto\/trabaldo-ascension-noir\/"},"modified":"2026-01-31T00:02:42","modified_gmt":"2026-01-30T23:02:42","slug":"trabaldo-ascension-noir","status":"publish","type":"product","link":"https:\/\/lucacastelli.com\/fr\/produit\/trabaldo-ascension-noir\/","title":{"rendered":"TRABALDO ASCENSION NOIR"},"content":{"rendered":"<p>\u00c9dition noire de notre pantalon ASCENT bien \u00e9tabli de la s\u00e9rie Alpine Challenge, pour ceux qui recherchent un look technique \u00e0 porter 365 jours par an. Un pantalon d\u00e9di\u00e9 aux sorties de d\u00e9but de saison et aux journ\u00e9es ensoleill\u00e9es en montagne. ASCENT BLACK incarne l&#8217;ADN de la s\u00e9rie gr\u00e2ce \u00e0 l&#8217;association d&#8217;une mod\u00e9lisation d\u00e9riv\u00e9e de l&#8217;alpinisme et de mat\u00e9riaux sp\u00e9cifiques \u00e0 la chasse. L\u00e9ger gr\u00e2ce au KETRATEX stretch utilis\u00e9 comme tissu de base pour une agr\u00e9able sensation de confort et de protection. ASCENT BLACK ne renonce pas pour autant \u00e0 la robustesse et int\u00e8gre notre tissu TITANIAL dans les renforts avant pour am\u00e9liorer la r\u00e9sistance \u00e0 l&#8217;abrasion et \u00e0 la d\u00e9chirure lors de l&#8217;avancement. Les meilleures caract\u00e9ristiques techniques telles que la zone de confort lombaire, le la\u00e7age des bottes avec le syst\u00e8me Top-Fix et la culotte KETRATEX extensible garantissent le confort pendant les longues marches. ASCENT BLACK est un pantalon non doubl\u00e9 pour ceux qui ont besoin de l\u00e9g\u00e8ret\u00e9 et d&#8217;une respirabilit\u00e9 maximale lorsque les temp\u00e9ratures augmentent, mais pour am\u00e9liorer encore cet aspect, nous avons ins\u00e9r\u00e9 deux g\u00e9n\u00e9reuses fermetures \u00e9clair de ventilation \u00e0 l&#8217;arri\u00e8re des jambes. Des renforts de cheville en faux cuir robuste et silencieux, typiques de la ligne, et une garniture beige compl\u00e8tent le v\u00eatement.       <\/p>\n","protected":false},"excerpt":{"rendered":"<p>\u00c9dition noire de notre pantalon ASCENT bien \u00e9tabli de la s\u00e9rie Alpine Challenge, pour ceux qui recherchent un look technique<\/p>\n","protected":false},"featured_media":607375,"template":"","meta":{"_seopress_robots_primary_cat":"none","_seopress_titles_title":"","_seopress_titles_desc":"","_seopress_robots_index":""},"product_brand":[3676],"product_cat":[81,1381],"product_tag":[],"class_list":{"0":"post-608040","1":"product","2":"type-product","3":"status-publish","4":"has-post-thumbnail","6":"product_brand-trabaldo-gino-fr","7":"product_cat-vetements","8":"product_cat-vetements-de-travail","9":"sws-gruppo-abb-libero-fr","10":"sws-conto-ricavi-merci-rivendita-abbigliamento-fr","11":"sws-gruppo-iva-iva81-fr","13":"first","14":"instock","15":"shipping-taxable","16":"purchasable","17":"product-type-variable","18":"has-default-attributes"},"_links":{"self":[{"href":"https:\/\/lucacastelli.com\/fr\/wp-json\/wp\/v2\/product\/608040","targetHints":{"allow":["GET"]}}],"collection":[{"href":"https:\/\/lucacastelli.com\/fr\/wp-json\/wp\/v2\/product"}],"about":[{"href":"https:\/\/lucacastelli.com\/fr\/wp-json\/wp\/v2\/types\/product"}],"wp:featuredmedia":[{"embeddable":true,"href":"https:\/\/lucacastelli.com\/fr\/wp-json\/wp\/v2\/media\/607375"}],"wp:attachment":[{"href":"https:\/\/lucacastelli.com\/fr\/wp-json\/wp\/v2\/media?parent=608040"}],"wp:term":[{"taxonomy":"product_brand","embeddable":true,"href":"https:\/\/lucacastelli.com\/fr\/wp-json\/wp\/v2\/product_brand?post=608040"},{"taxonomy":"product_cat","embeddable":true,"href":"https:\/\/lucacastelli.com\/fr\/wp-json\/wp\/v2\/product_cat?post=608040"},{"taxonomy":"product_tag","embeddable":true,"href":"https:\/\/lucacastelli.com\/fr\/wp-json\/wp\/v2\/product_tag?post=608040"}],"curies":[{"name":"wp","href":"https:\/\/api.w.org\/{rel}","templated":true}]}}