{"id":608030,"date":"2025-08-13T13:40:48","date_gmt":"2025-08-13T11:40:48","guid":{"rendered":"https:\/\/lucacastelli.com\/prodotto\/trabaldo-slip\/"},"modified":"2026-01-31T00:02:46","modified_gmt":"2026-01-30T23:02:46","slug":"trabaldo-slip","status":"publish","type":"product","link":"https:\/\/lucacastelli.com\/fr\/produit\/trabaldo-slip\/","title":{"rendered":"TRABALDO SLIP"},"content":{"rendered":"<p>Slip technique en polypropyl\u00e8ne DRYARN\u00ae, trait\u00e9 avec la technologie SEAMLESS. Coupe confortable et ajust\u00e9e gr\u00e2ce \u00e0 un module \u00e9lastique \u00e9lev\u00e9 et \u00e0 l&#8217;absence de coutures. Look technique et sportif gr\u00e2ce au motif camouflage obtenu par tricotage jacquard.  <\/p>\n","protected":false},"excerpt":{"rendered":"<p>Slip technique en polypropyl\u00e8ne DRYARN\u00ae, trait\u00e9 avec la technologie SEAMLESS. Coupe confortable et ajust\u00e9e gr\u00e2ce \u00e0 un module \u00e9lastique \u00e9lev\u00e9<\/p>\n","protected":false},"featured_media":607203,"template":"","meta":{"_seopress_robots_primary_cat":"none","_seopress_titles_title":"","_seopress_titles_desc":"","_seopress_robots_index":""},"product_brand":[3676],"product_cat":[81,1381],"product_tag":[],"class_list":{"0":"post-608030","1":"product","2":"type-product","3":"status-publish","4":"has-post-thumbnail","6":"product_brand-trabaldo-gino-fr","7":"product_cat-vetements","8":"product_cat-vetements-de-travail","9":"sws-gruppo-abb-libero-fr","10":"sws-conto-ricavi-merci-rivendita-abbigliamento-fr","11":"sws-gruppo-iva-iva81-fr","13":"first","14":"instock","15":"shipping-taxable","16":"purchasable","17":"product-type-variable"},"_links":{"self":[{"href":"https:\/\/lucacastelli.com\/fr\/wp-json\/wp\/v2\/product\/608030","targetHints":{"allow":["GET"]}}],"collection":[{"href":"https:\/\/lucacastelli.com\/fr\/wp-json\/wp\/v2\/product"}],"about":[{"href":"https:\/\/lucacastelli.com\/fr\/wp-json\/wp\/v2\/types\/product"}],"wp:featuredmedia":[{"embeddable":true,"href":"https:\/\/lucacastelli.com\/fr\/wp-json\/wp\/v2\/media\/607203"}],"wp:attachment":[{"href":"https:\/\/lucacastelli.com\/fr\/wp-json\/wp\/v2\/media?parent=608030"}],"wp:term":[{"taxonomy":"product_brand","embeddable":true,"href":"https:\/\/lucacastelli.com\/fr\/wp-json\/wp\/v2\/product_brand?post=608030"},{"taxonomy":"product_cat","embeddable":true,"href":"https:\/\/lucacastelli.com\/fr\/wp-json\/wp\/v2\/product_cat?post=608030"},{"taxonomy":"product_tag","embeddable":true,"href":"https:\/\/lucacastelli.com\/fr\/wp-json\/wp\/v2\/product_tag?post=608030"}],"curies":[{"name":"wp","href":"https:\/\/api.w.org\/{rel}","templated":true}]}}