{"id":608005,"date":"2025-08-13T13:40:27","date_gmt":"2025-08-13T11:40:27","guid":{"rendered":"https:\/\/lucacastelli.com\/prodotto\/trabaldo-arizona\/"},"modified":"2026-01-31T00:02:41","modified_gmt":"2026-01-30T23:02:41","slug":"trabaldo-arizona","status":"publish","type":"product","link":"https:\/\/lucacastelli.com\/fr\/produit\/trabaldo-arizona\/","title":{"rendered":"TRABALDO ARIZONA"},"content":{"rendered":"<p>Version hivernale du mod\u00e8le TEXAS, l&#8217;ARIZONA est tout en DRYSKIN\u00ae SCHOELLER\u00ae bi-\u00e9lastique avec un traitement sp\u00e9cial anti-accrocs r\u00e9sistant qui le rend particuli\u00e8rement d\u00e9perlant sans inhiber la respirabilit\u00e9, gr\u00e2ce aussi aux fibres capillaires sp\u00e9ciales sur la face int\u00e9rieure pour transporter l&#8217;humidit\u00e9. Le devant est en KETRATEX robuste pour am\u00e9liorer la r\u00e9sistance \u00e0 l&#8217;abrasion et aux accrocs. Le mod\u00e8le ARIZONA est livr\u00e9 avec une gu\u00eatre int\u00e9rieure.  <\/p>\n","protected":false},"excerpt":{"rendered":"<p>Version hivernale du mod\u00e8le TEXAS, l&#8217;ARIZONA est tout en DRYSKIN\u00ae SCHOELLER\u00ae bi-\u00e9lastique avec un traitement sp\u00e9cial anti-accrocs r\u00e9sistant qui le<\/p>\n","protected":false},"featured_media":607195,"template":"","meta":{"_seopress_robots_primary_cat":"none","_seopress_titles_title":"","_seopress_titles_desc":"","_seopress_robots_index":""},"product_brand":[3410],"product_cat":[21,284],"product_tag":[],"class_list":{"0":"post-608005","1":"product","2":"type-product","3":"status-publish","4":"has-post-thumbnail","6":"product_brand-trabaldo-gino","7":"product_cat-abbigliamento","8":"product_cat-abbigliamento-da-lavoro","9":"sws-gruppo-abb-libero-fr","10":"sws-conto-ricavi-merci-rivendita-abbigliamento-fr","11":"sws-gruppo-iva-iva81-fr","13":"first","14":"instock","15":"shipping-taxable","16":"purchasable","17":"product-type-variable","18":"has-default-attributes"},"_links":{"self":[{"href":"https:\/\/lucacastelli.com\/fr\/wp-json\/wp\/v2\/product\/608005","targetHints":{"allow":["GET"]}}],"collection":[{"href":"https:\/\/lucacastelli.com\/fr\/wp-json\/wp\/v2\/product"}],"about":[{"href":"https:\/\/lucacastelli.com\/fr\/wp-json\/wp\/v2\/types\/product"}],"wp:featuredmedia":[{"embeddable":true,"href":"https:\/\/lucacastelli.com\/fr\/wp-json\/wp\/v2\/media\/607195"}],"wp:attachment":[{"href":"https:\/\/lucacastelli.com\/fr\/wp-json\/wp\/v2\/media?parent=608005"}],"wp:term":[{"taxonomy":"product_brand","embeddable":true,"href":"https:\/\/lucacastelli.com\/fr\/wp-json\/wp\/v2\/product_brand?post=608005"},{"taxonomy":"product_cat","embeddable":true,"href":"https:\/\/lucacastelli.com\/fr\/wp-json\/wp\/v2\/product_cat?post=608005"},{"taxonomy":"product_tag","embeddable":true,"href":"https:\/\/lucacastelli.com\/fr\/wp-json\/wp\/v2\/product_tag?post=608005"}],"curies":[{"name":"wp","href":"https:\/\/api.w.org\/{rel}","templated":true}]}}