{"id":607366,"date":"2025-08-10T18:25:43","date_gmt":"2025-08-10T16:25:43","guid":{"rendered":"https:\/\/lucacastelli.com\/prodotto\/milwaukee-tournevis-multi-usages-avec-cliquet-2\/"},"modified":"2025-08-10T18:25:43","modified_gmt":"2025-08-10T16:25:43","slug":"milwaukee-tournevis-multi-usages-avec-cliquet-2","status":"publish","type":"product","link":"https:\/\/lucacastelli.com\/fr\/produit\/milwaukee-tournevis-multi-usages-avec-cliquet-2\/","title":{"rendered":"Milwaukee Tournevis multi-usages avec cliquet"},"content":{"rendered":"<p>VIS MULTIPLES AVEC CRICCH COMP 8 EN 1<br \/>\nPoign\u00e9e pour un rangement rapide et facile des embouts;Permet de reconna\u00eetre rapidement la perte d&#8217;un embout;Permet d&#8217;ins\u00e9rer l&#8217;embout dans la poign\u00e9e pour acc\u00e9der aux endroits les plus \u00e9troits;Porte-embout avec douille 1\/4Zoll<\/p>\n<p>4932480581<br \/>\n4058546408664<\/p>\n","protected":false},"excerpt":{"rendered":"<p>TOURNEVIS MULTI-USAGES AVEC COMPAS \u00c0 CLIQUET 8 EN 1<\/p>\n","protected":false},"featured_media":552548,"template":"","meta":{"_seopress_robots_primary_cat":"","_seopress_titles_title":"","_seopress_titles_desc":"","_seopress_robots_index":""},"product_brand":[3407],"product_cat":[5416,33],"product_tag":[3270],"class_list":{"0":"post-607366","1":"product","2":"type-product","3":"status-publish","4":"has-post-thumbnail","6":"product_brand-milwaukee","7":"product_cat-utensili-per-officina","8":"product_cat-attrezzature","9":"product_tag-import-milwau","10":"sws-conto-ricavi-merci-rivendita-macchinari-fr","11":"sws-gruppo-iva-iva81-fr","13":"first","14":"onbackorder","15":"sale","16":"shipping-taxable","17":"purchasable","18":"product-type-simple"},"_links":{"self":[{"href":"https:\/\/lucacastelli.com\/fr\/wp-json\/wp\/v2\/product\/607366","targetHints":{"allow":["GET"]}}],"collection":[{"href":"https:\/\/lucacastelli.com\/fr\/wp-json\/wp\/v2\/product"}],"about":[{"href":"https:\/\/lucacastelli.com\/fr\/wp-json\/wp\/v2\/types\/product"}],"wp:featuredmedia":[{"embeddable":true,"href":"https:\/\/lucacastelli.com\/fr\/wp-json\/wp\/v2\/media\/552548"}],"wp:attachment":[{"href":"https:\/\/lucacastelli.com\/fr\/wp-json\/wp\/v2\/media?parent=607366"}],"wp:term":[{"taxonomy":"product_brand","embeddable":true,"href":"https:\/\/lucacastelli.com\/fr\/wp-json\/wp\/v2\/product_brand?post=607366"},{"taxonomy":"product_cat","embeddable":true,"href":"https:\/\/lucacastelli.com\/fr\/wp-json\/wp\/v2\/product_cat?post=607366"},{"taxonomy":"product_tag","embeddable":true,"href":"https:\/\/lucacastelli.com\/fr\/wp-json\/wp\/v2\/product_tag?post=607366"}],"curies":[{"name":"wp","href":"https:\/\/api.w.org\/{rel}","templated":true}]}}