{"id":607359,"date":"2025-08-10T18:25:42","date_gmt":"2025-08-10T16:25:42","guid":{"rendered":"https:\/\/lucacastelli.com\/prodotto\/milwaukee-tournevis-a-usages-multiples-5\/"},"modified":"2025-08-10T18:25:42","modified_gmt":"2025-08-10T16:25:42","slug":"milwaukee-tournevis-a-usages-multiples-5","status":"publish","type":"product","link":"https:\/\/lucacastelli.com\/fr\/produit\/milwaukee-tournevis-a-usages-multiples-5\/","title":{"rendered":"Milwaukee Tournevis \u00e0 usages multiples"},"content":{"rendered":"<p>Tournevis multi-embouts 14 en 1 Shockwave<br \/>\nPoign\u00e9e pour un rangement rapide et facile des embouts;Permet de reconna\u00eetre rapidement la perte d&#8217;un embout;Permet d&#8217;ins\u00e9rer l&#8217;embout dans la poign\u00e9e pour acc\u00e9der aux espaces les plus \u00e9troits;Porte-embouts avec douille de 1\/4 de pouce;Dimensions grav\u00e9es au laser sur les embouts pour une identification plus facile<\/p>\n<p>4932498174<br \/>\n4058546520434.<\/p>\n","protected":false},"excerpt":{"rendered":"<p>Tournevis \u00e0 embouts multiples 14 en 1 Shockwave<\/p>\n","protected":false},"featured_media":601040,"template":"","meta":{"_seopress_robots_primary_cat":"","_seopress_titles_title":"","_seopress_titles_desc":"","_seopress_robots_index":""},"product_brand":[3407],"product_cat":[5416,33],"product_tag":[3270],"class_list":{"0":"post-607359","1":"product","2":"type-product","3":"status-publish","4":"has-post-thumbnail","6":"product_brand-milwaukee","7":"product_cat-utensili-per-officina","8":"product_cat-attrezzature","9":"product_tag-import-milwau","10":"sws-conto-ricavi-merci-rivendita-macchinari-fr","11":"sws-gruppo-iva-iva81-fr","13":"first","14":"onbackorder","15":"sale","16":"shipping-taxable","17":"purchasable","18":"product-type-simple"},"_links":{"self":[{"href":"https:\/\/lucacastelli.com\/fr\/wp-json\/wp\/v2\/product\/607359","targetHints":{"allow":["GET"]}}],"collection":[{"href":"https:\/\/lucacastelli.com\/fr\/wp-json\/wp\/v2\/product"}],"about":[{"href":"https:\/\/lucacastelli.com\/fr\/wp-json\/wp\/v2\/types\/product"}],"wp:featuredmedia":[{"embeddable":true,"href":"https:\/\/lucacastelli.com\/fr\/wp-json\/wp\/v2\/media\/601040"}],"wp:attachment":[{"href":"https:\/\/lucacastelli.com\/fr\/wp-json\/wp\/v2\/media?parent=607359"}],"wp:term":[{"taxonomy":"product_brand","embeddable":true,"href":"https:\/\/lucacastelli.com\/fr\/wp-json\/wp\/v2\/product_brand?post=607359"},{"taxonomy":"product_cat","embeddable":true,"href":"https:\/\/lucacastelli.com\/fr\/wp-json\/wp\/v2\/product_cat?post=607359"},{"taxonomy":"product_tag","embeddable":true,"href":"https:\/\/lucacastelli.com\/fr\/wp-json\/wp\/v2\/product_tag?post=607359"}],"curies":[{"name":"wp","href":"https:\/\/api.w.org\/{rel}","templated":true}]}}