{"id":607340,"date":"2025-08-10T18:25:33","date_gmt":"2025-08-10T16:25:33","guid":{"rendered":"https:\/\/lucacastelli.com\/prodotto\/milwaukee-tournevis-isoles-1000v-28\/"},"modified":"2025-08-10T18:25:33","modified_gmt":"2025-08-10T16:25:33","slug":"milwaukee-tournevis-isoles-1000v-28","status":"publish","type":"product","link":"https:\/\/lucacastelli.com\/fr\/produit\/milwaukee-tournevis-isoles-1000v-28\/","title":{"rendered":"Milwaukee Tournevis isol\u00e9s 1000V"},"content":{"rendered":"<p>ENSEMBLE DE DOUILLES ISOL\u00c9ES PZ 1000V 7 pcs<br \/>\nTest\u00e9 jusqu&#8217;\u00e0 10 000V et garanti jusqu&#8217;\u00e0 1.000V;Diam\u00e8tre \u00e9troit pour acc\u00e9der aux applications dans les espaces restreints;Poign\u00e9e confortable \u00e0 3 c\u00f4t\u00e9s optimis\u00e9e pour un confort d&#8217;utilisation maximal et des applications \u00e0 couple \u00e9lev\u00e9;Gravure laser sur le dessus pour une identification rapide du mod\u00e8le;Conception antiroulis \u00e0 3 c\u00f4t\u00e9s pour un meilleur transfert de puissance;Trou pour fixer le tournevis aux attaches de s\u00e9curit\u00e9<\/p>\n<p>4932478738<br \/>\n4058546360207<\/p>\n","protected":false},"excerpt":{"rendered":"<p>ENSEMBLE DE DOUILLES ISOL\u00c9ES 1000V 7 pcs.<\/p>\n","protected":false},"featured_media":541661,"template":"","meta":{"_seopress_robots_primary_cat":"","_seopress_titles_title":"","_seopress_titles_desc":"","_seopress_robots_index":""},"product_brand":[3658],"product_cat":[5417,144],"product_tag":[3273],"class_list":{"0":"post-607340","1":"product","2":"type-product","3":"status-publish","4":"has-post-thumbnail","6":"product_brand-milwaukee-fr","7":"product_cat-outils-pour-atelier","8":"product_cat-equipement","9":"product_tag-import-milwau-fr","10":"sws-conto-ricavi-merci-rivendita-macchinari-fr","11":"sws-gruppo-iva-iva81-fr","13":"first","14":"onbackorder","15":"sale","16":"shipping-taxable","17":"purchasable","18":"product-type-simple"},"_links":{"self":[{"href":"https:\/\/lucacastelli.com\/fr\/wp-json\/wp\/v2\/product\/607340","targetHints":{"allow":["GET"]}}],"collection":[{"href":"https:\/\/lucacastelli.com\/fr\/wp-json\/wp\/v2\/product"}],"about":[{"href":"https:\/\/lucacastelli.com\/fr\/wp-json\/wp\/v2\/types\/product"}],"wp:featuredmedia":[{"embeddable":true,"href":"https:\/\/lucacastelli.com\/fr\/wp-json\/wp\/v2\/media\/541661"}],"wp:attachment":[{"href":"https:\/\/lucacastelli.com\/fr\/wp-json\/wp\/v2\/media?parent=607340"}],"wp:term":[{"taxonomy":"product_brand","embeddable":true,"href":"https:\/\/lucacastelli.com\/fr\/wp-json\/wp\/v2\/product_brand?post=607340"},{"taxonomy":"product_cat","embeddable":true,"href":"https:\/\/lucacastelli.com\/fr\/wp-json\/wp\/v2\/product_cat?post=607340"},{"taxonomy":"product_tag","embeddable":true,"href":"https:\/\/lucacastelli.com\/fr\/wp-json\/wp\/v2\/product_tag?post=607340"}],"curies":[{"name":"wp","href":"https:\/\/api.w.org\/{rel}","templated":true}]}}