{"id":607248,"date":"2025-08-10T18:24:27","date_gmt":"2025-08-10T16:24:27","guid":{"rendered":"https:\/\/lucacastelli.com\/prodotto\/tournevis-a-douille-creuse-milwaukee-non-magnetique\/"},"modified":"2025-08-10T18:24:27","modified_gmt":"2025-08-10T16:24:27","slug":"tournevis-a-douille-creuse-milwaukee-non-magnetique","status":"publish","type":"product","link":"https:\/\/lucacastelli.com\/fr\/produit\/tournevis-a-douille-creuse-milwaukee-non-magnetique\/","title":{"rendered":"Tournevis \u00e0 douille creuse Milwaukee &#8211; NON magn\u00e9tique"},"content":{"rendered":"<p>8mm HollowCore Nut Driver<br \/>\nCl\u00e9 \u00e0 douille avec trou de passage &#8211; id\u00e9ale pour les boulons longs et les tiges filet\u00e9es;Douille hexagonale pour une prise id\u00e9ale sur tous les raccords viss\u00e9s courants;Lame avec tige hexagonale pour faciliter l&#8217;insertion d&#8217;une cl\u00e9 \u00e0 cliquet;Poign\u00e9e \u00e0 trois lobes pour un grand confort d&#8217;utilisation;Codage couleur et marquage de la taille \u00e0 l&#8217;extr\u00e9mit\u00e9 de la poign\u00e9e pour une distinction ais\u00e9e<\/p>\n<p>4932492369<br \/>\n4058546417369<\/p>\n","protected":false},"excerpt":{"rendered":"<p>Tourne-\u00e9crou \u00e0 noyau creux de 8 mm<\/p>\n","protected":false},"featured_media":556105,"template":"","meta":{"_seopress_robots_primary_cat":"","_seopress_titles_title":"","_seopress_titles_desc":"","_seopress_robots_index":""},"product_brand":[3658],"product_cat":[5417,144],"product_tag":[3273],"class_list":{"0":"post-607248","1":"product","2":"type-product","3":"status-publish","4":"has-post-thumbnail","6":"product_brand-milwaukee-fr","7":"product_cat-outils-pour-atelier","8":"product_cat-equipement","9":"product_tag-import-milwau-fr","10":"sws-conto-ricavi-merci-rivendita-macchinari-fr","11":"sws-gruppo-iva-iva81-fr","13":"first","14":"onbackorder","15":"sale","16":"shipping-taxable","17":"purchasable","18":"product-type-simple"},"_links":{"self":[{"href":"https:\/\/lucacastelli.com\/fr\/wp-json\/wp\/v2\/product\/607248","targetHints":{"allow":["GET"]}}],"collection":[{"href":"https:\/\/lucacastelli.com\/fr\/wp-json\/wp\/v2\/product"}],"about":[{"href":"https:\/\/lucacastelli.com\/fr\/wp-json\/wp\/v2\/types\/product"}],"wp:featuredmedia":[{"embeddable":true,"href":"https:\/\/lucacastelli.com\/fr\/wp-json\/wp\/v2\/media\/556105"}],"wp:attachment":[{"href":"https:\/\/lucacastelli.com\/fr\/wp-json\/wp\/v2\/media?parent=607248"}],"wp:term":[{"taxonomy":"product_brand","embeddable":true,"href":"https:\/\/lucacastelli.com\/fr\/wp-json\/wp\/v2\/product_brand?post=607248"},{"taxonomy":"product_cat","embeddable":true,"href":"https:\/\/lucacastelli.com\/fr\/wp-json\/wp\/v2\/product_cat?post=607248"},{"taxonomy":"product_tag","embeddable":true,"href":"https:\/\/lucacastelli.com\/fr\/wp-json\/wp\/v2\/product_tag?post=607248"}],"curies":[{"name":"wp","href":"https:\/\/api.w.org\/{rel}","templated":true}]}}