{"id":607233,"date":"2025-08-10T18:25:49","date_gmt":"2025-08-10T16:25:49","guid":{"rendered":"https:\/\/lucacastelli.com\/prodotto\/milwaukee-tournevis-de-precision-multi-usages-vde\/"},"modified":"2025-08-10T18:25:49","modified_gmt":"2025-08-10T16:25:49","slug":"milwaukee-tournevis-de-precision-multi-usages-vde","status":"publish","type":"product","link":"https:\/\/lucacastelli.com\/fr\/produit\/milwaukee-tournevis-de-precision-multi-usages-vde\/","title":{"rendered":"Milwaukee Tournevis de pr\u00e9cision multi-usages VDE"},"content":{"rendered":"<p>Ins. 8 en 1 Prec. MBit Screwdriver Set<br \/>\nOutils certifi\u00e9s VDE (DIN EN\/IEC 60900) pour plus de s\u00e9curit\u00e9. Test\u00e9 \u00e0 10 000 volts et garanti \u00e0 1 000 volts;T\u00eate \u00e0 poign\u00e9e arri\u00e8re rotative \u00e0 360 degr\u00e9s pour plus de contr\u00f4le, pour plus de rapidit\u00e9 et de pr\u00e9cision sur le chantier;\u00c9tui souple et compact inclus permettant un acc\u00e8s rapide et facile aux embouts;Dimensions grav\u00e9es au laser sur les embouts pour une identification plus facile.  <\/p>\n<p>4932493659<br \/>\n4058546485306<\/p>\n","protected":false},"excerpt":{"rendered":"<p>Ins. 8 en 1 Prec. MBit <\/p>\n","protected":false},"featured_media":563160,"template":"","meta":{"_seopress_robots_primary_cat":"","_seopress_titles_title":"","_seopress_titles_desc":"","_seopress_robots_index":""},"product_brand":[3407],"product_cat":[5416,33],"product_tag":[3270],"class_list":{"0":"post-607233","1":"product","2":"type-product","3":"status-publish","4":"has-post-thumbnail","6":"product_brand-milwaukee","7":"product_cat-utensili-per-officina","8":"product_cat-attrezzature","9":"product_tag-import-milwau","10":"sws-conto-ricavi-merci-rivendita-macchinari-fr","11":"sws-gruppo-iva-iva81-fr","13":"first","14":"onbackorder","15":"sale","16":"shipping-taxable","17":"purchasable","18":"product-type-simple"},"_links":{"self":[{"href":"https:\/\/lucacastelli.com\/fr\/wp-json\/wp\/v2\/product\/607233","targetHints":{"allow":["GET"]}}],"collection":[{"href":"https:\/\/lucacastelli.com\/fr\/wp-json\/wp\/v2\/product"}],"about":[{"href":"https:\/\/lucacastelli.com\/fr\/wp-json\/wp\/v2\/types\/product"}],"wp:featuredmedia":[{"embeddable":true,"href":"https:\/\/lucacastelli.com\/fr\/wp-json\/wp\/v2\/media\/563160"}],"wp:attachment":[{"href":"https:\/\/lucacastelli.com\/fr\/wp-json\/wp\/v2\/media?parent=607233"}],"wp:term":[{"taxonomy":"product_brand","embeddable":true,"href":"https:\/\/lucacastelli.com\/fr\/wp-json\/wp\/v2\/product_brand?post=607233"},{"taxonomy":"product_cat","embeddable":true,"href":"https:\/\/lucacastelli.com\/fr\/wp-json\/wp\/v2\/product_cat?post=607233"},{"taxonomy":"product_tag","embeddable":true,"href":"https:\/\/lucacastelli.com\/fr\/wp-json\/wp\/v2\/product_tag?post=607233"}],"curies":[{"name":"wp","href":"https:\/\/api.w.org\/{rel}","templated":true}]}}