{"id":607229,"date":"2025-08-10T18:25:51","date_gmt":"2025-08-10T16:25:51","guid":{"rendered":"https:\/\/lucacastelli.com\/prodotto\/tournevis-multi-usages-milwaukee-vde\/"},"modified":"2025-08-10T18:25:51","modified_gmt":"2025-08-10T16:25:51","slug":"tournevis-multi-usages-milwaukee-vde","status":"publish","type":"product","link":"https:\/\/lucacastelli.com\/fr\/produit\/tournevis-multi-usages-milwaukee-vde\/","title":{"rendered":"Tournevis multi-usages Milwaukee VDE"},"content":{"rendered":"<p>Insul. Jeu de tournevis multibroches 10 en 1<br \/>\nOutils certifi\u00e9s VDE (DIN EN\/IEC 60900) pour plus de s\u00e9curit\u00e9. Test\u00e9 \u00e0 10 000 volts et garanti \u00e0 1 000 volts;Conception de tige mince pour un acc\u00e8s facile aux vis \u00e0 profil bas;L&#8217;\u00e9tui souple et compact inclus permet un acc\u00e8s rapide et facile aux embouts;Dimensions grav\u00e9es au laser sur les embouts pour une identification facile;Disposition de lacet anti-chute \u00e0 utiliser avec la gamme de lacets Milwaukee pour permettre l&#8217;utilisation en hauteur.  <\/p>\n<p>4932493657<br \/>\n4058546485283<\/p>\n","protected":false},"excerpt":{"rendered":"<p>Insul. Jeu de tournevis multibroches 10 en 1 <\/p>\n","protected":false},"featured_media":563118,"template":"","meta":{"_seopress_robots_primary_cat":"","_seopress_titles_title":"","_seopress_titles_desc":"","_seopress_robots_index":""},"product_brand":[3407],"product_cat":[5416,33],"product_tag":[3270],"class_list":{"0":"post-607229","1":"product","2":"type-product","3":"status-publish","4":"has-post-thumbnail","6":"product_brand-milwaukee","7":"product_cat-utensili-per-officina","8":"product_cat-attrezzature","9":"product_tag-import-milwau","10":"sws-conto-ricavi-merci-rivendita-macchinari-fr","11":"sws-gruppo-iva-iva81-fr","13":"first","14":"onbackorder","15":"sale","16":"shipping-taxable","17":"purchasable","18":"product-type-simple"},"_links":{"self":[{"href":"https:\/\/lucacastelli.com\/fr\/wp-json\/wp\/v2\/product\/607229","targetHints":{"allow":["GET"]}}],"collection":[{"href":"https:\/\/lucacastelli.com\/fr\/wp-json\/wp\/v2\/product"}],"about":[{"href":"https:\/\/lucacastelli.com\/fr\/wp-json\/wp\/v2\/types\/product"}],"wp:featuredmedia":[{"embeddable":true,"href":"https:\/\/lucacastelli.com\/fr\/wp-json\/wp\/v2\/media\/563118"}],"wp:attachment":[{"href":"https:\/\/lucacastelli.com\/fr\/wp-json\/wp\/v2\/media?parent=607229"}],"wp:term":[{"taxonomy":"product_brand","embeddable":true,"href":"https:\/\/lucacastelli.com\/fr\/wp-json\/wp\/v2\/product_brand?post=607229"},{"taxonomy":"product_cat","embeddable":true,"href":"https:\/\/lucacastelli.com\/fr\/wp-json\/wp\/v2\/product_cat?post=607229"},{"taxonomy":"product_tag","embeddable":true,"href":"https:\/\/lucacastelli.com\/fr\/wp-json\/wp\/v2\/product_tag?post=607229"}],"curies":[{"name":"wp","href":"https:\/\/api.w.org\/{rel}","templated":true}]}}