{"id":607170,"date":"2025-08-13T12:45:17","date_gmt":"2025-08-13T10:45:17","guid":{"rendered":"https:\/\/lucacastelli.com\/prodotto\/trabaldo-sensitive-t-shirt-vert\/"},"modified":"2026-01-31T00:02:44","modified_gmt":"2026-01-30T23:02:44","slug":"trabaldo-sensitive-t-shirt-vert","status":"publish","type":"product","link":"https:\/\/lucacastelli.com\/fr\/produit\/trabaldo-sensitive-t-shirt-vert\/","title":{"rendered":"TRABALDO SENSITIVE T-SHIRT &#8211; vert"},"content":{"rendered":"<p>Tu n&#8217;as jamais connu une v\u00e9ritable sensation de fra\u00eecheur si tu n&#8217;as jamais port\u00e9 de SENSITIVE\u00ae. T-shirt fonctionnel id\u00e9al pour \u00e9chapper \u00e0 la chaleur de l&#8217;\u00e9t\u00e9 ou du d\u00e9but de saison gr\u00e2ce \u00e0 l&#8217;utilisation du tissu SENSITIVE\u00ae. SENSITIVE\u00ae est un tissu extensible \u00e0 l&#8217;\u00e9preuve des \u00e9chelles (73% microfibre PA \/ 27% EA LYCRA\u00ae) avec une surface sp\u00e9ciale ultra-plate, obtenue gr\u00e2ce \u00e0 un proc\u00e9d\u00e9 brevet\u00e9, qui rend ce mat\u00e9riau particuli\u00e8rement adapt\u00e9 aux v\u00eatements de sport techniques.  <\/p>\n<p>Respirabilit\u00e9 : le tissage en nid d&#8217;abeille ouvert favorise la circulation de l&#8217;air entre les fibres pour une bonne transpiration entra\u00eenant une sensation de bien-\u00eatre pour le corps. Les temps de s\u00e9chage sont r\u00e9duits en moyenne de 50 % par rapport aux autres tissus tricot\u00e9s en cha\u00eene. <\/p>\n<p>Entretien facile : Sensitive\u00ae est un tissu pratique qui r\u00e9siste au lavage, conserve sa couleur et sa forme, est facile \u00e0 laver et ne n\u00e9cessite pas de repassage ;<\/p>\n<p>Pas de boulochage : les tissus Sensitive\u00ae offrent une excellente r\u00e9sistance aux frottements et \u00e9vitent le boulochage, ce qui permet de conserver leur aspect au fil du temps ;<\/p>\n<p>\u00c9lasticit\u00e9 : l&#8217;\u00e9lasticit\u00e9 tridimensionnelle typique des tissus Sensitive\u00ae et le pourcentage \u00e9lev\u00e9 de fibres \u00e9lastiques LYCRA\u00ae offrent une parfaite libert\u00e9 de mouvement, un ajustement impeccable et une conservation maximale de la forme, m\u00eame apr\u00e8s des lavages r\u00e9p\u00e9t\u00e9s ;<\/p>\n<p>SunBlock : gr\u00e2ce \u00e0 la construction sp\u00e9ciale du tissu et \u00e0 l&#8217;utilisation de microfibres super-opaques, les tissus Sensitive\u00ae filtrent les rayons du soleil, offrant ainsi une protection \u00e9lev\u00e9e contre les effets nocifs des rayons ultraviolets.<\/p>\n<p>Disponible en 3 versions de couleur : 298, 520, NOIR<\/p>\n","protected":false},"excerpt":{"rendered":"<p>Tu n&#8217;as jamais connu une v\u00e9ritable sensation de fra\u00eecheur si tu n&#8217;as jamais port\u00e9 de SENSITIVE\u00ae. T-shirt fonctionnel id\u00e9al pour<\/p>\n","protected":false},"featured_media":607022,"template":"","meta":{"_seopress_robots_primary_cat":"none","_seopress_titles_title":"","_seopress_titles_desc":"","_seopress_robots_index":""},"product_brand":[3410],"product_cat":[21,284],"product_tag":[],"class_list":{"0":"post-607170","1":"product","2":"type-product","3":"status-publish","4":"has-post-thumbnail","6":"product_brand-trabaldo-gino","7":"product_cat-abbigliamento","8":"product_cat-abbigliamento-da-lavoro","9":"sws-gruppo-abb-libero-fr","10":"sws-conto-ricavi-merci-rivendita-abbigliamento-fr","11":"sws-gruppo-iva-iva81-fr","13":"first","14":"instock","15":"shipping-taxable","16":"purchasable","17":"product-type-variable","18":"has-default-attributes"},"_links":{"self":[{"href":"https:\/\/lucacastelli.com\/fr\/wp-json\/wp\/v2\/product\/607170","targetHints":{"allow":["GET"]}}],"collection":[{"href":"https:\/\/lucacastelli.com\/fr\/wp-json\/wp\/v2\/product"}],"about":[{"href":"https:\/\/lucacastelli.com\/fr\/wp-json\/wp\/v2\/types\/product"}],"wp:featuredmedia":[{"embeddable":true,"href":"https:\/\/lucacastelli.com\/fr\/wp-json\/wp\/v2\/media\/607022"}],"wp:attachment":[{"href":"https:\/\/lucacastelli.com\/fr\/wp-json\/wp\/v2\/media?parent=607170"}],"wp:term":[{"taxonomy":"product_brand","embeddable":true,"href":"https:\/\/lucacastelli.com\/fr\/wp-json\/wp\/v2\/product_brand?post=607170"},{"taxonomy":"product_cat","embeddable":true,"href":"https:\/\/lucacastelli.com\/fr\/wp-json\/wp\/v2\/product_cat?post=607170"},{"taxonomy":"product_tag","embeddable":true,"href":"https:\/\/lucacastelli.com\/fr\/wp-json\/wp\/v2\/product_tag?post=607170"}],"curies":[{"name":"wp","href":"https:\/\/api.w.org\/{rel}","templated":true}]}}