{"id":607165,"date":"2025-08-13T12:44:21","date_gmt":"2025-08-13T10:44:21","guid":{"rendered":"https:\/\/lucacastelli.com\/prodotto\/trabaldo-eclipse-veste-polaire-xl\/"},"modified":"2026-03-02T16:14:02","modified_gmt":"2026-03-02T15:14:02","slug":"trabaldo-eclipse-veste-polaire-xl","status":"publish","type":"product","link":"https:\/\/lucacastelli.com\/fr\/produit\/trabaldo-eclipse-veste-polaire-xl\/","title":{"rendered":"TRABALDO ECLIPSE Veste en polaire &#8211; XL"},"content":{"rendered":"<p>Ne l\u2019appelez pas polaire, ne l\u2019appelez pas doudoune, c\u2019est simplement ECLIPSE. Cette veste hybride repr\u00e9sente le compromis parfait entre chaleur, praticit\u00e9 et encombrement, pour le chasseur de montagne qui a besoin d\u2019un produit polyvalent capable de s\u2019adapter \u00e0 l\u2019extr\u00eame variabilit\u00e9 de la m\u00e9t\u00e9o en montagne. Thermique et compressible, ECLIPSE fait du body-mapping son atout majeur. Le rembourrage en ouate PRIMALOFT\u00ae prot\u00e8ge du froid les parties centrales du corps et le dos, tandis que les manches en polaire \u00e0 structure quadrill\u00e9e garantissent une plus grande libert\u00e9 de mouvement et de respirabilit\u00e9, tout en limitant le poids et le volume. L\u2019insert sous les bras et sur les c\u00f4t\u00e9s en POLARTEC\u00ae POWER AIR\u2122 (100 % recycl\u00e9) est hautement respirant et thermique : \u00e0 l\u2019int\u00e9rieur de chaque cellule, un fil de polyester est encapsul\u00e9 pour cr\u00e9er une poche d\u2019air servant d\u2019isolant. Le r\u00e9sultat est un tissu au toucher doux et aux propri\u00e9t\u00e9s isolantes \u00e9lev\u00e9es par rapport \u00e0 son faible volume et sa grande \u00e9lasticit\u00e9. Les renforts typiques de la ligne ALPINE CHALLENGE en tissu TITANIAL sur les \u00e9paules et les hanches prot\u00e8gent le v\u00eatement du frottement des sacs \u00e0 dos. Enfin, deux grandes poches frontales compl\u00e8tent l\u2019\u00e9quipement.       <\/p>\n","protected":false},"excerpt":{"rendered":"<p>Ne l\u2019appelez pas polaire, ne l\u2019appelez pas doudoune, c\u2019est simplement ECLIPSE. Cette veste hybride repr\u00e9sente le compromis parfait entre chaleur,<\/p>\n","protected":false},"featured_media":607006,"template":"","meta":{"_seopress_robots_primary_cat":"none","_seopress_titles_title":"","_seopress_titles_desc":"","_seopress_robots_index":""},"product_brand":[3676],"product_cat":[81,1381],"product_tag":[],"class_list":{"0":"post-607165","1":"product","2":"type-product","3":"status-publish","4":"has-post-thumbnail","6":"product_brand-trabaldo-gino-fr","7":"product_cat-vetements","8":"product_cat-vetements-de-travail","9":"sws-gruppo-abb-libero-fr","10":"sws-conto-ricavi-merci-rivendita-abbigliamento-fr","11":"sws-gruppo-iva-iva81-fr","13":"first","14":"instock","15":"sale","16":"shipping-taxable","17":"purchasable","18":"product-type-simple"},"_links":{"self":[{"href":"https:\/\/lucacastelli.com\/fr\/wp-json\/wp\/v2\/product\/607165","targetHints":{"allow":["GET"]}}],"collection":[{"href":"https:\/\/lucacastelli.com\/fr\/wp-json\/wp\/v2\/product"}],"about":[{"href":"https:\/\/lucacastelli.com\/fr\/wp-json\/wp\/v2\/types\/product"}],"wp:featuredmedia":[{"embeddable":true,"href":"https:\/\/lucacastelli.com\/fr\/wp-json\/wp\/v2\/media\/607006"}],"wp:attachment":[{"href":"https:\/\/lucacastelli.com\/fr\/wp-json\/wp\/v2\/media?parent=607165"}],"wp:term":[{"taxonomy":"product_brand","embeddable":true,"href":"https:\/\/lucacastelli.com\/fr\/wp-json\/wp\/v2\/product_brand?post=607165"},{"taxonomy":"product_cat","embeddable":true,"href":"https:\/\/lucacastelli.com\/fr\/wp-json\/wp\/v2\/product_cat?post=607165"},{"taxonomy":"product_tag","embeddable":true,"href":"https:\/\/lucacastelli.com\/fr\/wp-json\/wp\/v2\/product_tag?post=607165"}],"curies":[{"name":"wp","href":"https:\/\/api.w.org\/{rel}","templated":true}]}}