{"id":607158,"date":"2025-08-13T12:44:09","date_gmt":"2025-08-13T10:44:09","guid":{"rendered":"https:\/\/lucacastelli.com\/prodotto\/trabaldo-veste-polaire-eclipse-m\/"},"modified":"2026-03-02T16:16:06","modified_gmt":"2026-03-02T15:16:06","slug":"trabaldo-veste-polaire-eclipse-m","status":"publish","type":"product","link":"https:\/\/lucacastelli.com\/fr\/produit\/trabaldo-veste-polaire-eclipse-m\/","title":{"rendered":"TRABALDO ECLIPSE Veste en Polaire &#8211; M"},"content":{"rendered":"<p>Ne l&#8217;appelez pas polaire, ne l&#8217;appelez pas doudoune, c&#8217;est simplement ECLIPSE. Cette veste hybride repr\u00e9sente le compromis parfait entre chaleur, praticit\u00e9 et encombrement, pour le chasseur de montagne qui a besoin d&#8217;un produit polyvalent capable de s&#8217;adapter \u00e0 l&#8217;extr\u00eame variabilit\u00e9 de la m\u00e9t\u00e9o en montagne. Thermique et compressible, ECLIPSE fait du body-mapping son arme gagnante. Le rembourrage en ouate PRIMALOFT\u00ae prot\u00e8ge du froid les parties centrales du corps et du dos, tandis que les manches en polaire avec structure \u00e0 grille garantissent une plus grande libert\u00e9 de mouvement et une meilleure respirabilit\u00e9, tout en limitant le poids et le volume. L&#8217;insert sur les avant-bras et les flancs en POLARTEC\u00ae POWER AIR\u2122 (100% recycl\u00e9) est hautement respirant et thermique : \u00e0 l&#8217;int\u00e9rieur de chaque cellule est encapsul\u00e9 un fil de polyester capable de cr\u00e9er une poche d&#8217;air qui fait office d&#8217;isolant. Le r\u00e9sultat est un tissu au toucher doux et aux excellentes propri\u00e9t\u00e9s isolantes pour un volume r\u00e9duit et une grande \u00e9lasticit\u00e9. Les renforts typiques de la ligne ALPINE CHALLENGE en tissu TITANIAL sur les \u00e9paules et les flancs prot\u00e8gent le v\u00eatement du frottement des sacs \u00e0 dos. Enfin, deux grandes poches frontales compl\u00e8tent l&#8217;\u00e9quipement.       <\/p>\n","protected":false},"excerpt":{"rendered":"<p>Ne l&#8217;appelez pas polaire, ne l&#8217;appelez pas doudoune, c&#8217;est simplement ECLIPSE. Cette veste hybride repr\u00e9sente le compromis parfait entre chaleur,<\/p>\n","protected":false},"featured_media":606998,"template":"","meta":{"_seopress_robots_primary_cat":"none","_seopress_titles_title":"","_seopress_titles_desc":"","_seopress_robots_index":""},"product_brand":[3676],"product_cat":[81,1381],"product_tag":[],"class_list":{"0":"post-607158","1":"product","2":"type-product","3":"status-publish","4":"has-post-thumbnail","6":"product_brand-trabaldo-gino-fr","7":"product_cat-vetements","8":"product_cat-vetements-de-travail","9":"sws-gruppo-abb-libero-fr","10":"sws-conto-ricavi-merci-rivendita-abbigliamento-fr","11":"sws-gruppo-iva-iva81-fr","13":"first","14":"instock","15":"sale","16":"shipping-taxable","17":"purchasable","18":"product-type-simple"},"_links":{"self":[{"href":"https:\/\/lucacastelli.com\/fr\/wp-json\/wp\/v2\/product\/607158","targetHints":{"allow":["GET"]}}],"collection":[{"href":"https:\/\/lucacastelli.com\/fr\/wp-json\/wp\/v2\/product"}],"about":[{"href":"https:\/\/lucacastelli.com\/fr\/wp-json\/wp\/v2\/types\/product"}],"wp:featuredmedia":[{"embeddable":true,"href":"https:\/\/lucacastelli.com\/fr\/wp-json\/wp\/v2\/media\/606998"}],"wp:attachment":[{"href":"https:\/\/lucacastelli.com\/fr\/wp-json\/wp\/v2\/media?parent=607158"}],"wp:term":[{"taxonomy":"product_brand","embeddable":true,"href":"https:\/\/lucacastelli.com\/fr\/wp-json\/wp\/v2\/product_brand?post=607158"},{"taxonomy":"product_cat","embeddable":true,"href":"https:\/\/lucacastelli.com\/fr\/wp-json\/wp\/v2\/product_cat?post=607158"},{"taxonomy":"product_tag","embeddable":true,"href":"https:\/\/lucacastelli.com\/fr\/wp-json\/wp\/v2\/product_tag?post=607158"}],"curies":[{"name":"wp","href":"https:\/\/api.w.org\/{rel}","templated":true}]}}