{"id":607156,"date":"2025-08-13T12:20:43","date_gmt":"2025-08-13T10:20:43","guid":{"rendered":"https:\/\/lucacastelli.com\/prodotto\/gants-de-travail-haute-resistance-milwaukee\/"},"modified":"2025-08-13T12:20:43","modified_gmt":"2025-08-13T10:20:43","slug":"gants-de-travail-haute-resistance-milwaukee","status":"publish","type":"product","link":"https:\/\/lucacastelli.com\/fr\/produit\/gants-de-travail-haute-resistance-milwaukee\/","title":{"rendered":"Gants de travail haute r\u00e9sistance Milwaukee"},"content":{"rendered":"<p>GANTS DE D\u00c9MOLITION &#8211; 7\/S &#8211; 1PC<br \/>\nPaume et bouts des doigts renforc\u00e9s avec ARMORTEX\u2122. Pour une durabilit\u00e9 et une protection accrues;SMARTSWIPE\u2122- Insert en tissu conducteur plac\u00e9 sur la jointure de l&#8217;index, qui permet d&#8217;utiliser les appareils \u00e0 \u00e9cran tactile sans retirer le gant;Tissu synth\u00e9tique respirant au dos, pour un maximum de confort et de respirabilit\u00e9;Protection des articulations avec renfort TPR (caoutchouc thermoplastique);Partie du pouce recouverte d&#8217;\u00e9ponge qui permet d&#8217;essuyer la sueur sur le front;Fermeture velcro pour une adh\u00e9rence et un confort maximum lors de l&#8217;application;Certification europ\u00e9enne pour la protection m\u00e9canique : EN ISO 21420 et EN388:2016 (2121X). <\/p>\n<p>4932479730<br \/>\n4058546375249<\/p>\n","protected":false},"excerpt":{"rendered":"<p>GANTS DE D\u00c9MOLITION &#8211; 7\/S &#8211; 1PC<\/p>\n","protected":false},"featured_media":484070,"template":"","meta":{"_seopress_robots_primary_cat":"","_seopress_titles_title":"","_seopress_titles_desc":"","_seopress_robots_index":""},"product_brand":[3407],"product_cat":[21,284],"product_tag":[3270],"class_list":{"0":"post-607156","1":"product","2":"type-product","3":"status-publish","4":"has-post-thumbnail","6":"product_brand-milwaukee","7":"product_cat-abbigliamento","8":"product_cat-abbigliamento-da-lavoro","9":"product_tag-import-milwau","10":"sws-gruppo-abb-libero-fr","11":"sws-conto-ricavi-merci-rivendita-abbigliamento-fr","12":"sws-conto-ricavi-merci-rivendita-macchinari-fr","13":"sws-gruppo-iva-iva81-fr","15":"first","16":"onbackorder","17":"shipping-taxable","18":"purchasable","19":"product-type-simple"},"_links":{"self":[{"href":"https:\/\/lucacastelli.com\/fr\/wp-json\/wp\/v2\/product\/607156","targetHints":{"allow":["GET"]}}],"collection":[{"href":"https:\/\/lucacastelli.com\/fr\/wp-json\/wp\/v2\/product"}],"about":[{"href":"https:\/\/lucacastelli.com\/fr\/wp-json\/wp\/v2\/types\/product"}],"wp:featuredmedia":[{"embeddable":true,"href":"https:\/\/lucacastelli.com\/fr\/wp-json\/wp\/v2\/media\/484070"}],"wp:attachment":[{"href":"https:\/\/lucacastelli.com\/fr\/wp-json\/wp\/v2\/media?parent=607156"}],"wp:term":[{"taxonomy":"product_brand","embeddable":true,"href":"https:\/\/lucacastelli.com\/fr\/wp-json\/wp\/v2\/product_brand?post=607156"},{"taxonomy":"product_cat","embeddable":true,"href":"https:\/\/lucacastelli.com\/fr\/wp-json\/wp\/v2\/product_cat?post=607156"},{"taxonomy":"product_tag","embeddable":true,"href":"https:\/\/lucacastelli.com\/fr\/wp-json\/wp\/v2\/product_tag?post=607156"}],"curies":[{"name":"wp","href":"https:\/\/api.w.org\/{rel}","templated":true}]}}