{"id":607145,"date":"2025-08-13T12:20:42","date_gmt":"2025-08-13T10:20:42","guid":{"rendered":"https:\/\/lucacastelli.com\/prodotto\/gants-de-travail-generaux-milwaukee\/"},"modified":"2025-08-13T12:20:42","modified_gmt":"2025-08-13T10:20:42","slug":"gants-de-travail-generaux-milwaukee","status":"publish","type":"product","link":"https:\/\/lucacastelli.com\/fr\/produit\/gants-de-travail-generaux-milwaukee\/","title":{"rendered":"Gants de travail g\u00e9n\u00e9raux Milwaukee"},"content":{"rendered":"<p>GANTS DE TRAVAIL FREE-FLEX &#8211; 7\/S &#8211; 1PC<br \/>\nSMARTSWIPE\u2122- Insert en tissu conducteur sur la jointure de l&#8217;index et le bout des doigts. Permet d&#8217;utiliser des appareils \u00e0 \u00e9cran tactile sans enlever le gant;Gants flexibles et \u00e9lastiques;L\u00e9gers et respirants;Paume renforc\u00e9e;Grande dext\u00e9rit\u00e9 des doigts pendant l&#8217;utilisation;Partie du pouce recouverte de mousse, permettant d&#8217;essuyer la sueur sur le front;Certification europ\u00e9enne pour la protection m\u00e9canique : EN ISO 21420:2020 et EN388:2016 (2121X). <\/p>\n<p>4932479729<br \/>\n4058546375232<\/p>\n","protected":false},"excerpt":{"rendered":"<p>GANTS DE TRAVAIL FREE-FLEX &#8211; 7\/S &#8211; 1PC<\/p>\n","protected":false},"featured_media":544628,"template":"","meta":{"_seopress_robots_primary_cat":"","_seopress_titles_title":"","_seopress_titles_desc":"","_seopress_robots_index":""},"product_brand":[3658],"product_cat":[81,1381],"product_tag":[3273],"class_list":{"0":"post-607145","1":"product","2":"type-product","3":"status-publish","4":"has-post-thumbnail","6":"product_brand-milwaukee-fr","7":"product_cat-vetements","8":"product_cat-vetements-de-travail","9":"product_tag-import-milwau-fr","10":"sws-gruppo-abb-libero-fr","11":"sws-conto-ricavi-merci-rivendita-abbigliamento-fr","12":"sws-conto-ricavi-merci-rivendita-macchinari-fr","13":"sws-gruppo-iva-iva81-fr","15":"first","16":"onbackorder","17":"shipping-taxable","18":"purchasable","19":"product-type-simple"},"_links":{"self":[{"href":"https:\/\/lucacastelli.com\/fr\/wp-json\/wp\/v2\/product\/607145","targetHints":{"allow":["GET"]}}],"collection":[{"href":"https:\/\/lucacastelli.com\/fr\/wp-json\/wp\/v2\/product"}],"about":[{"href":"https:\/\/lucacastelli.com\/fr\/wp-json\/wp\/v2\/types\/product"}],"wp:featuredmedia":[{"embeddable":true,"href":"https:\/\/lucacastelli.com\/fr\/wp-json\/wp\/v2\/media\/544628"}],"wp:attachment":[{"href":"https:\/\/lucacastelli.com\/fr\/wp-json\/wp\/v2\/media?parent=607145"}],"wp:term":[{"taxonomy":"product_brand","embeddable":true,"href":"https:\/\/lucacastelli.com\/fr\/wp-json\/wp\/v2\/product_brand?post=607145"},{"taxonomy":"product_cat","embeddable":true,"href":"https:\/\/lucacastelli.com\/fr\/wp-json\/wp\/v2\/product_cat?post=607145"},{"taxonomy":"product_tag","embeddable":true,"href":"https:\/\/lucacastelli.com\/fr\/wp-json\/wp\/v2\/product_tag?post=607145"}],"curies":[{"name":"wp","href":"https:\/\/api.w.org\/{rel}","templated":true}]}}