{"id":607130,"date":"2025-08-13T12:07:43","date_gmt":"2025-08-13T10:07:43","guid":{"rendered":"https:\/\/lucacastelli.com\/prodotto\/gants-dhiver-enduits-de-latex-milwaukee-cat-cut-a-12-pcs\/"},"modified":"2025-08-13T12:07:43","modified_gmt":"2025-08-13T10:07:43","slug":"gants-dhiver-enduits-de-latex-milwaukee-cat-cut-a-12-pcs","status":"publish","type":"product","link":"https:\/\/lucacastelli.com\/fr\/produit\/gants-dhiver-enduits-de-latex-milwaukee-cat-cut-a-12-pcs\/","title":{"rendered":"Gants d&#8217;hiver enduits de latex Milwaukee Cat. cut A &#8211; 12 pcs"},"content":{"rendered":"<p>GANTS D&#8217;HIVER. ANTITAGL.CAT.1 M\/8-12pcs<br \/>\nIsolation interne, garde la main au chaud m\u00eame en travaillant par temps froid;Rev\u00eatement en latex. Grande dext\u00e9rit\u00e9 lors de la manipulation de petits objets;Doublure chaude en \u00e9ponge acrylique double, pour rester au chaud dans les conditions les plus froides et avoir une grande respirabilit\u00e9;Certificat europ\u00e9en de protection m\u00e9canique et contre le froid : EN420, EN388 : 2016 (1141A), EN511 (01X).   <\/p>\n<p>4932471606<br \/>\n4058546295059<\/p>\n","protected":false},"excerpt":{"rendered":"<p>GANTS D&#8217;HIVER. ANTITAGL.CAT.1 M\/8-12pcs Isolation interne, garde la main au chaud m\u00eame en travaillant par temps froid;Rev\u00eatement en latex. Grande<\/p>\n","protected":false},"featured_media":537135,"template":"","meta":{"_seopress_robots_primary_cat":"","_seopress_titles_title":"","_seopress_titles_desc":"","_seopress_robots_index":""},"product_brand":[3658],"product_cat":[81,1381],"product_tag":[],"class_list":{"0":"post-607130","1":"product","2":"type-product","3":"status-publish","4":"has-post-thumbnail","6":"product_brand-milwaukee-fr","7":"product_cat-vetements","8":"product_cat-vetements-de-travail","9":"sws-gruppo-abb-libero-fr","10":"sws-conto-ricavi-merci-rivendita-abbigliamento-fr","11":"sws-gruppo-iva-iva81-fr","13":"first","14":"instock","15":"shipping-taxable","16":"purchasable","17":"product-type-variable"},"_links":{"self":[{"href":"https:\/\/lucacastelli.com\/fr\/wp-json\/wp\/v2\/product\/607130","targetHints":{"allow":["GET"]}}],"collection":[{"href":"https:\/\/lucacastelli.com\/fr\/wp-json\/wp\/v2\/product"}],"about":[{"href":"https:\/\/lucacastelli.com\/fr\/wp-json\/wp\/v2\/types\/product"}],"wp:featuredmedia":[{"embeddable":true,"href":"https:\/\/lucacastelli.com\/fr\/wp-json\/wp\/v2\/media\/537135"}],"wp:attachment":[{"href":"https:\/\/lucacastelli.com\/fr\/wp-json\/wp\/v2\/media?parent=607130"}],"wp:term":[{"taxonomy":"product_brand","embeddable":true,"href":"https:\/\/lucacastelli.com\/fr\/wp-json\/wp\/v2\/product_brand?post=607130"},{"taxonomy":"product_cat","embeddable":true,"href":"https:\/\/lucacastelli.com\/fr\/wp-json\/wp\/v2\/product_cat?post=607130"},{"taxonomy":"product_tag","embeddable":true,"href":"https:\/\/lucacastelli.com\/fr\/wp-json\/wp\/v2\/product_tag?post=607130"}],"curies":[{"name":"wp","href":"https:\/\/api.w.org\/{rel}","templated":true}]}}