{"id":607110,"date":"2025-08-13T12:13:26","date_gmt":"2025-08-13T10:13:26","guid":{"rendered":"https:\/\/lucacastelli.com\/prodotto\/gants-de-demolition-milwaukee-pour-lhiver\/"},"modified":"2025-08-13T12:13:26","modified_gmt":"2025-08-13T10:13:26","slug":"gants-de-demolition-milwaukee-pour-lhiver","status":"publish","type":"product","link":"https:\/\/lucacastelli.com\/fr\/produit\/gants-de-demolition-milwaukee-pour-lhiver\/","title":{"rendered":"Gants de d\u00e9molition Milwaukee pour l&#8217;hiver"},"content":{"rendered":"<p>GANTS DE D\u00c9MOLITION POUR L&#8217;HIVER &#8211; 11\/XXL &#8211; 1PC<br \/>\nIsolation avec double doublure acrylique, pour garder les mains au chaud lors du travail dans des environnements difficiles ou avec des objets froids;Couche coupe-vent sur la paume offrant une isolation thermique suppl\u00e9mentaire dans les environnements extr\u00eames;Paume et bouts des doigts rembourr\u00e9s pour plus de durabilit\u00e9 et de confort lors de la manipulation d&#8217;\u00e9quipements lourds.SMARTSWIPE\u2122 &#8211; Insert en tissu conducteur plac\u00e9 sur la jointure de l&#8217;index, permettant \u00e0 l&#8217;utilisateur d&#8217;utiliser des appareils \u00e0 \u00e9cran tactile sans retirer le gant;Surface en tissu \u00e9ponge r\u00e9sistant \u00e0 la transpiration sur le pouce, utile pour essuyer la sueur sur le front;Certification europ\u00e9enne de protection contre le froid et les agressions m\u00e9caniques : EN ISO 21420:2020, EN388 (2122A) et EN511 (14X);Fermeture velcro, pour un maximum de confort.<\/p>\n<p>4932479569<br \/>\n4058546373634<\/p>\n","protected":false},"excerpt":{"rendered":"<p>GANTS DE D\u00c9MOLITION POUR L&#8217;HIVER &#8211; 11\/XXL &#8211; 1PC Isolation avec double doublure acrylique, pour garder les mains au chaud<\/p>\n","protected":false},"featured_media":544247,"template":"","meta":{"_seopress_robots_primary_cat":"","_seopress_titles_title":"","_seopress_titles_desc":"","_seopress_robots_index":""},"product_brand":[3658],"product_cat":[81,1381],"product_tag":[],"class_list":{"0":"post-607110","1":"product","2":"type-product","3":"status-publish","4":"has-post-thumbnail","6":"product_brand-milwaukee-fr","7":"product_cat-vetements","8":"product_cat-vetements-de-travail","9":"sws-gruppo-abb-libero-fr","10":"sws-conto-ricavi-merci-rivendita-abbigliamento-fr","11":"sws-gruppo-iva-iva81-fr","13":"first","14":"instock","15":"shipping-taxable","16":"purchasable","17":"product-type-variable"},"_links":{"self":[{"href":"https:\/\/lucacastelli.com\/fr\/wp-json\/wp\/v2\/product\/607110","targetHints":{"allow":["GET"]}}],"collection":[{"href":"https:\/\/lucacastelli.com\/fr\/wp-json\/wp\/v2\/product"}],"about":[{"href":"https:\/\/lucacastelli.com\/fr\/wp-json\/wp\/v2\/types\/product"}],"wp:featuredmedia":[{"embeddable":true,"href":"https:\/\/lucacastelli.com\/fr\/wp-json\/wp\/v2\/media\/544247"}],"wp:attachment":[{"href":"https:\/\/lucacastelli.com\/fr\/wp-json\/wp\/v2\/media?parent=607110"}],"wp:term":[{"taxonomy":"product_brand","embeddable":true,"href":"https:\/\/lucacastelli.com\/fr\/wp-json\/wp\/v2\/product_brand?post=607110"},{"taxonomy":"product_cat","embeddable":true,"href":"https:\/\/lucacastelli.com\/fr\/wp-json\/wp\/v2\/product_cat?post=607110"},{"taxonomy":"product_tag","embeddable":true,"href":"https:\/\/lucacastelli.com\/fr\/wp-json\/wp\/v2\/product_tag?post=607110"}],"curies":[{"name":"wp","href":"https:\/\/api.w.org\/{rel}","templated":true}]}}