{"id":607099,"date":"2025-08-13T12:07:18","date_gmt":"2025-08-13T10:07:18","guid":{"rendered":"https:\/\/lucacastelli.com\/prodotto\/milwaukee-armortex-gants-antichocs\/"},"modified":"2025-08-13T12:07:18","modified_gmt":"2025-08-13T10:07:18","slug":"milwaukee-armortex-gants-antichocs","status":"publish","type":"product","link":"https:\/\/lucacastelli.com\/fr\/produit\/milwaukee-armortex-gants-antichocs\/","title":{"rendered":"Milwaukee ARMORTEX\u2122 gants antichocs"},"content":{"rendered":"<p>GANTS DE TRAVAIL IMPACT &#8211; M\/8 1pcs<br \/>\nDos et doigts en mati\u00e8re TPR (caoutchouc thermoplastique) r\u00e9sistante aux chocs et aux impacts, avec des incisions sur les articulations pour une plus grande dext\u00e9rit\u00e9 des mouvements;Le syst\u00e8me de renforcement de la paume et du bout des doigts ARMORTEX\u2122 offre une plus grande durabilit\u00e9 et une meilleure protection;La mati\u00e8re ARMORTEX\u2122 permet une excellente adh\u00e9rence m\u00eame sur les surfaces humides ou tach\u00e9es d&#8217;huile;Certification europ\u00e9enne pour la protection m\u00e9canique et contre les chocs : EN ISO 21420:2020 et EN388:2016 (2121XP)<\/p>\n<p>4932471908<br \/>\n4058546298074.<\/p>\n","protected":false},"excerpt":{"rendered":"<p>GANTS DE TRAVAIL IMPACT &#8211; M\/8 1pcs Dos et doigts en mati\u00e8re TPR (caoutchouc thermoplastique) r\u00e9sistante aux chocs et aux<\/p>\n","protected":false},"featured_media":606511,"template":"","meta":{"_seopress_robots_primary_cat":"","_seopress_titles_title":"","_seopress_titles_desc":"","_seopress_robots_index":""},"product_brand":[3407],"product_cat":[21,284],"product_tag":[],"class_list":{"0":"post-607099","1":"product","2":"type-product","3":"status-publish","4":"has-post-thumbnail","6":"product_brand-milwaukee","7":"product_cat-abbigliamento","8":"product_cat-abbigliamento-da-lavoro","9":"sws-gruppo-abb-libero-fr","10":"sws-conto-ricavi-merci-rivendita-abbigliamento-fr","11":"sws-gruppo-iva-iva81-fr","13":"first","14":"instock","15":"shipping-taxable","16":"purchasable","17":"product-type-variable"},"_links":{"self":[{"href":"https:\/\/lucacastelli.com\/fr\/wp-json\/wp\/v2\/product\/607099","targetHints":{"allow":["GET"]}}],"collection":[{"href":"https:\/\/lucacastelli.com\/fr\/wp-json\/wp\/v2\/product"}],"about":[{"href":"https:\/\/lucacastelli.com\/fr\/wp-json\/wp\/v2\/types\/product"}],"wp:featuredmedia":[{"embeddable":true,"href":"https:\/\/lucacastelli.com\/fr\/wp-json\/wp\/v2\/media\/606511"}],"wp:attachment":[{"href":"https:\/\/lucacastelli.com\/fr\/wp-json\/wp\/v2\/media?parent=607099"}],"wp:term":[{"taxonomy":"product_brand","embeddable":true,"href":"https:\/\/lucacastelli.com\/fr\/wp-json\/wp\/v2\/product_brand?post=607099"},{"taxonomy":"product_cat","embeddable":true,"href":"https:\/\/lucacastelli.com\/fr\/wp-json\/wp\/v2\/product_cat?post=607099"},{"taxonomy":"product_tag","embeddable":true,"href":"https:\/\/lucacastelli.com\/fr\/wp-json\/wp\/v2\/product_tag?post=607099"}],"curies":[{"name":"wp","href":"https:\/\/api.w.org\/{rel}","templated":true}]}}