{"id":607083,"date":"2025-08-13T11:49:30","date_gmt":"2025-08-13T09:49:30","guid":{"rendered":"https:\/\/lucacastelli.com\/prodotto\/milwaukee-gants-dhiver-enduits-de-latex-coupe-cat-e\/"},"modified":"2025-08-13T11:49:30","modified_gmt":"2025-08-13T09:49:30","slug":"milwaukee-gants-dhiver-enduits-de-latex-coupe-cat-e","status":"publish","type":"product","link":"https:\/\/lucacastelli.com\/fr\/produit\/milwaukee-gants-dhiver-enduits-de-latex-coupe-cat-e\/","title":{"rendered":"Milwaukee Gants d&#8217;hiver enduits de latex Coupe cat. E"},"content":{"rendered":"<p>WINTER CUT E GLOVES &#8211; 8\/M &#8211; 1PC<br \/>\nAvec une double doublure en acrylique, pour garder les mains au chaud lors de travaux dans des environnements difficiles ou avec des objets froids;Finesse du fil ext\u00e9rieur 13\u00b0 aiguilles, finesse du fil int\u00e9rieur 10\u00b0 aiguilles, pour une bonne mobilit\u00e9 des doigts;Paume et rev\u00eatement arri\u00e8re en latex 3\/4 pour une meilleure r\u00e9sistance aux \u00e9claboussures d&#8217;eau, dans les environnements froids et humides;Deux couches : doublure int\u00e9rieure et ext\u00e9rieure, pour la durabilit\u00e9;Certification europ\u00e9enne pour la protection m\u00e9canique et contre le froid : EN ISO 21420, EN388:2016 (3X43E), EN511 (01X)<\/p>\n<p>4932479558<br \/>\n4058546373528<\/p>\n","protected":false},"excerpt":{"rendered":"<p>WINTER CUT E GLOVES &#8211; 8\/M &#8211; 1PC Avec une double doublure en acrylique, pour garder les mains au chaud<\/p>\n","protected":false},"featured_media":544192,"template":"","meta":{"_seopress_robots_primary_cat":"","_seopress_titles_title":"","_seopress_titles_desc":"","_seopress_robots_index":""},"product_brand":[3407],"product_cat":[21,284],"product_tag":[],"class_list":{"0":"post-607083","1":"product","2":"type-product","3":"status-publish","4":"has-post-thumbnail","6":"product_brand-milwaukee","7":"product_cat-abbigliamento","8":"product_cat-abbigliamento-da-lavoro","9":"sws-gruppo-abb-libero-fr","10":"sws-conto-ricavi-merci-rivendita-abbigliamento-fr","11":"sws-gruppo-iva-iva81-fr","13":"first","14":"instock","15":"shipping-taxable","16":"purchasable","17":"product-type-variable"},"_links":{"self":[{"href":"https:\/\/lucacastelli.com\/fr\/wp-json\/wp\/v2\/product\/607083","targetHints":{"allow":["GET"]}}],"collection":[{"href":"https:\/\/lucacastelli.com\/fr\/wp-json\/wp\/v2\/product"}],"about":[{"href":"https:\/\/lucacastelli.com\/fr\/wp-json\/wp\/v2\/types\/product"}],"wp:featuredmedia":[{"embeddable":true,"href":"https:\/\/lucacastelli.com\/fr\/wp-json\/wp\/v2\/media\/544192"}],"wp:attachment":[{"href":"https:\/\/lucacastelli.com\/fr\/wp-json\/wp\/v2\/media?parent=607083"}],"wp:term":[{"taxonomy":"product_brand","embeddable":true,"href":"https:\/\/lucacastelli.com\/fr\/wp-json\/wp\/v2\/product_brand?post=607083"},{"taxonomy":"product_cat","embeddable":true,"href":"https:\/\/lucacastelli.com\/fr\/wp-json\/wp\/v2\/product_cat?post=607083"},{"taxonomy":"product_tag","embeddable":true,"href":"https:\/\/lucacastelli.com\/fr\/wp-json\/wp\/v2\/product_tag?post=607083"}],"curies":[{"name":"wp","href":"https:\/\/api.w.org\/{rel}","templated":true}]}}