{"id":607067,"date":"2025-08-13T11:52:55","date_gmt":"2025-08-13T09:52:55","guid":{"rendered":"https:\/\/lucacastelli.com\/prodotto\/milwaukee-gants-en-cuir-et-en-matiere-synthetique\/"},"modified":"2025-08-13T11:52:55","modified_gmt":"2025-08-13T09:52:55","slug":"milwaukee-gants-en-cuir-et-en-matiere-synthetique","status":"publish","type":"product","link":"https:\/\/lucacastelli.com\/fr\/produit\/milwaukee-gants-en-cuir-et-en-matiere-synthetique\/","title":{"rendered":"Milwaukee Gants en cuir et en mati\u00e8re synth\u00e9tique"},"content":{"rendered":"<p>GANTS DE LAVAGE CUIR\/MAT. SINT &#8211; M\/8 1pcs<br \/>\nSMARTSWIPE\u2122 &#8211; Insert en tissu conducteur plac\u00e9 sur la jointure de l&#8217;index, qui permet d&#8217;utiliser les appareils \u00e0 \u00e9cran tactile sans retirer le gant;Paume de la main en cuir de ch\u00e8vre pleine fleur, pour plus de durabilit\u00e9 et de r\u00e9sistance ;Dos de la main en mati\u00e8re synth\u00e9tique, pour un maximum de confort, de respirabilit\u00e9 et de protection lors du travail;Pouce renforc\u00e9 avec m\u00e9thode de couture s\u00e9par\u00e9e du reste du gant, qui maintient le pouce dans sa position naturelle pour augmenter le confort et la dext\u00e9rit\u00e9 dans les mouvements;Certification europ\u00e9enne pour la protection m\u00e9canique : EN ISO 21420:2020 et EN388:2016 (2122X). <\/p>\n<p>4932471912<br \/>\n4058546298111<\/p>\n","protected":false},"excerpt":{"rendered":"<p>GANTS DE LAVAGE CUIR\/MAT. SINT &#8211; M\/8 1pcs SMARTSWIPE\u2122 &#8211; Insert en tissu conducteur plac\u00e9 sur la jointure de l&#8217;index,<\/p>\n","protected":false},"featured_media":606181,"template":"","meta":{"_seopress_robots_primary_cat":"","_seopress_titles_title":"","_seopress_titles_desc":"","_seopress_robots_index":""},"product_brand":[3407],"product_cat":[21,284],"product_tag":[],"class_list":{"0":"post-607067","1":"product","2":"type-product","3":"status-publish","4":"has-post-thumbnail","6":"product_brand-milwaukee","7":"product_cat-abbigliamento","8":"product_cat-abbigliamento-da-lavoro","9":"sws-gruppo-abb-libero-fr","10":"sws-conto-ricavi-merci-rivendita-abbigliamento-fr","11":"sws-gruppo-iva-iva81-fr","13":"first","14":"instock","15":"shipping-taxable","16":"purchasable","17":"product-type-variable"},"_links":{"self":[{"href":"https:\/\/lucacastelli.com\/fr\/wp-json\/wp\/v2\/product\/607067","targetHints":{"allow":["GET"]}}],"collection":[{"href":"https:\/\/lucacastelli.com\/fr\/wp-json\/wp\/v2\/product"}],"about":[{"href":"https:\/\/lucacastelli.com\/fr\/wp-json\/wp\/v2\/types\/product"}],"wp:featuredmedia":[{"embeddable":true,"href":"https:\/\/lucacastelli.com\/fr\/wp-json\/wp\/v2\/media\/606181"}],"wp:attachment":[{"href":"https:\/\/lucacastelli.com\/fr\/wp-json\/wp\/v2\/media?parent=607067"}],"wp:term":[{"taxonomy":"product_brand","embeddable":true,"href":"https:\/\/lucacastelli.com\/fr\/wp-json\/wp\/v2\/product_brand?post=607067"},{"taxonomy":"product_cat","embeddable":true,"href":"https:\/\/lucacastelli.com\/fr\/wp-json\/wp\/v2\/product_cat?post=607067"},{"taxonomy":"product_tag","embeddable":true,"href":"https:\/\/lucacastelli.com\/fr\/wp-json\/wp\/v2\/product_tag?post=607067"}],"curies":[{"name":"wp","href":"https:\/\/api.w.org\/{rel}","templated":true}]}}