{"id":606926,"date":"2025-08-09T11:41:52","date_gmt":"2025-08-09T09:41:52","guid":{"rendered":"https:\/\/lucacastelli.com\/prodotto\/milwaukee-meches-a-beton-9\/"},"modified":"2025-08-09T11:41:52","modified_gmt":"2025-08-09T09:41:52","slug":"milwaukee-meches-a-beton-9","status":"publish","type":"product","link":"https:\/\/lucacastelli.com\/fr\/produit\/milwaukee-meches-a-beton-9\/","title":{"rendered":"Milwaukee M\u00e8ches \u00e0 b\u00e9ton"},"content":{"rendered":"<p>M\u00c8CHE POUR LE B\u00c9TON 7X100 MM<br \/>\nTranchant en carbure de tungst\u00e8ne rectifi\u00e9.;Pour percer les briques, les tuiles, la c\u00e9ramique, le b\u00e9ton, le pl\u00e2tre, l&#8217;ardoise et le b\u00e9ton cellulaire.;\u00c0 partir de \u230013 mm, les m\u00e8ches ont une tige \u00e0 plusieurs faces pour augmenter l&#8217;adh\u00e9rence dans le mandrin et \u00e9viter les glissements. <\/p>\n<p>4932480135<br \/>\n4058546404208<\/p>\n","protected":false},"excerpt":{"rendered":"<p>M\u00c8CHE \u00c0 B\u00c9TON 7X100 MM <\/p>\n","protected":false},"featured_media":546962,"template":"","meta":{"_seopress_robots_primary_cat":"","_seopress_titles_title":"","_seopress_titles_desc":"","_seopress_robots_index":""},"product_brand":[3658],"product_cat":[167,1453,1552,1555],"product_tag":[3273],"class_list":{"0":"post-606926","1":"product","2":"type-product","3":"status-publish","4":"has-post-thumbnail","6":"product_brand-milwaukee-fr","7":"product_cat-machines","8":"product_cat-autres-appareils","9":"product_cat-perceuses-et-tournevis","10":"product_cat-accessoires-pour-perceuses-et-tournevis","11":"product_tag-import-milwau-fr","12":"sws-conto-ricavi-merci-rivendita-macchinari-fr","13":"sws-gruppo-iva-iva81-fr","15":"first","16":"onbackorder","17":"sale","18":"shipping-taxable","19":"purchasable","20":"product-type-simple"},"_links":{"self":[{"href":"https:\/\/lucacastelli.com\/fr\/wp-json\/wp\/v2\/product\/606926","targetHints":{"allow":["GET"]}}],"collection":[{"href":"https:\/\/lucacastelli.com\/fr\/wp-json\/wp\/v2\/product"}],"about":[{"href":"https:\/\/lucacastelli.com\/fr\/wp-json\/wp\/v2\/types\/product"}],"wp:featuredmedia":[{"embeddable":true,"href":"https:\/\/lucacastelli.com\/fr\/wp-json\/wp\/v2\/media\/546962"}],"wp:attachment":[{"href":"https:\/\/lucacastelli.com\/fr\/wp-json\/wp\/v2\/media?parent=606926"}],"wp:term":[{"taxonomy":"product_brand","embeddable":true,"href":"https:\/\/lucacastelli.com\/fr\/wp-json\/wp\/v2\/product_brand?post=606926"},{"taxonomy":"product_cat","embeddable":true,"href":"https:\/\/lucacastelli.com\/fr\/wp-json\/wp\/v2\/product_cat?post=606926"},{"taxonomy":"product_tag","embeddable":true,"href":"https:\/\/lucacastelli.com\/fr\/wp-json\/wp\/v2\/product_tag?post=606926"}],"curies":[{"name":"wp","href":"https:\/\/api.w.org\/{rel}","templated":true}]}}