{"id":606902,"date":"2025-08-10T12:42:47","date_gmt":"2025-08-10T10:42:47","guid":{"rendered":"https:\/\/lucacastelli.com\/prodotto\/milwaukee-aiguille-vibrante-2-m-tete-57-mm\/"},"modified":"2025-08-10T12:42:47","modified_gmt":"2025-08-10T10:42:47","slug":"milwaukee-aiguille-vibrante-2-m-tete-57-mm","status":"publish","type":"product","link":"https:\/\/lucacastelli.com\/fr\/produit\/milwaukee-aiguille-vibrante-2-m-tete-57-mm\/","title":{"rendered":"Milwaukee Aiguille vibrante 2 m \/ t\u00eate 57 mm"},"content":{"rendered":"<p>Vibrateur \u00e0 b\u00e9ton MX FUEL 2m\/57mm<br \/>\nT\u00eate vibrante<\/p>\n<p>4932498917<br \/>\n4058546527860<\/p>\n","protected":false},"excerpt":{"rendered":"<p>Vibrateur \u00e0 b\u00e9ton 2m\/57mm MX FUEL<\/p>\n","protected":false},"featured_media":600705,"template":"","meta":{"_seopress_robots_primary_cat":"","_seopress_titles_title":"","_seopress_titles_desc":"","_seopress_robots_index":""},"product_brand":[3407],"product_cat":[5531,29,514],"product_tag":[3270],"class_list":{"0":"post-606902","1":"product","2":"type-product","3":"status-publish","4":"has-post-thumbnail","6":"product_brand-milwaukee","7":"product_cat-vari-macchinari-milwaukee","8":"product_cat-macchinari","9":"product_cat-altri-dispositivi","10":"product_tag-import-milwau","11":"sws-conto-ricavi-merci-rivendita-macchinari-fr","12":"sws-gruppo-iva-iva81-fr","14":"first","15":"onbackorder","16":"sale","17":"shipping-taxable","18":"purchasable","19":"product-type-simple"},"_links":{"self":[{"href":"https:\/\/lucacastelli.com\/fr\/wp-json\/wp\/v2\/product\/606902","targetHints":{"allow":["GET"]}}],"collection":[{"href":"https:\/\/lucacastelli.com\/fr\/wp-json\/wp\/v2\/product"}],"about":[{"href":"https:\/\/lucacastelli.com\/fr\/wp-json\/wp\/v2\/types\/product"}],"wp:featuredmedia":[{"embeddable":true,"href":"https:\/\/lucacastelli.com\/fr\/wp-json\/wp\/v2\/media\/600705"}],"wp:attachment":[{"href":"https:\/\/lucacastelli.com\/fr\/wp-json\/wp\/v2\/media?parent=606902"}],"wp:term":[{"taxonomy":"product_brand","embeddable":true,"href":"https:\/\/lucacastelli.com\/fr\/wp-json\/wp\/v2\/product_brand?post=606902"},{"taxonomy":"product_cat","embeddable":true,"href":"https:\/\/lucacastelli.com\/fr\/wp-json\/wp\/v2\/product_cat?post=606902"},{"taxonomy":"product_tag","embeddable":true,"href":"https:\/\/lucacastelli.com\/fr\/wp-json\/wp\/v2\/product_tag?post=606902"}],"curies":[{"name":"wp","href":"https:\/\/api.w.org\/{rel}","templated":true}]}}