{"id":606894,"date":"2025-08-10T12:42:17","date_gmt":"2025-08-10T10:42:17","guid":{"rendered":"https:\/\/lucacastelli.com\/prodotto\/milwaukee-carotteuse-a-4-vitesses-mx-fuel-350-mm\/"},"modified":"2026-03-02T16:13:38","modified_gmt":"2026-03-02T15:13:38","slug":"milwaukee-carotteuse-a-4-vitesses-mx-fuel-350-mm","status":"publish","type":"product","link":"https:\/\/lucacastelli.com\/fr\/produit\/milwaukee-carotteuse-a-4-vitesses-mx-fuel-350-mm\/","title":{"rendered":"MILWAUKEE Carotteuse 4 vitesses MX FUEL\u2122 350 mm"},"content":{"rendered":"<p>MXF DCD350KIT-122 \/MX FUEL<br \/>\nFore avec une extr\u00eame facilit\u00e9, en obtenant les m\u00eames performances que le filaire, jusqu&#8217;\u00e0 un diam\u00e8tre de 350 mm, gr\u00e2ce \u00e0 la puissance \u00e9lev\u00e9e d\u00e9livr\u00e9e par le moteur \u00e0 batterie.;Possibilit\u00e9 de choisir entre 4 vitesses avec diam\u00e8tres recommand\u00e9s pour chaque vitesse indiqu\u00e9s sur le corps de la machine;Vitesse 1 : jusqu&#8217;\u00e0 51 mm \/ Vitesse 2 : 51-76 mm \/ Vitesse 3 : 76-152 mm \/ Vitesse 4 : 152 &#8211; 350 mm;L&#8217;indicateur de pression permet \u00e0 l&#8217;utilisateur d&#8217;optimiser la vitesse de per\u00e7age et de ne pas forcer excessivement l&#8217;outil.;L&#8217;indicateur d&#8217;\u00e9tat de charge de la batterie permet \u00e0 l&#8217;utilisateur de surveiller l&#8217;\u00e9nergie r\u00e9siduelle pendant chaque application.;Fixations 1 1\/4\u02dd UNC ou 1\/2\u02dd G compatibles avec les couronnes les plus courantes sur le march\u00e9, design de la plaque pour des changements d&#8217;accessoires rapides et faciles.;Peut \u00eatre utilis\u00e9e avec une pompe \u00e0 vide en option sur surfaces lisses et uniformes;Connexion de la carotteuse au ch\u00e2ssis facile et sans outils;Le syst\u00e8me MX FUEL\u2122 permet d&#8217;atteindre de nouveaux horizons \u00e0 batterie : performances des solutions \u00e0 essence, filaires ou pneumatiques, en \u00e9liminant les dangers associ\u00e9s aux \u00e9missions, bruit, vibrations, tr\u00e9buchement ainsi que maintenance complexe;Le syst\u00e8me ONE-KEY\u2122 Tracking &amp; Security offre gratuitement un service de tra\u00e7abilit\u00e9 et de gestion d&#8217;inventaire bas\u00e9 sur le cloud, disposant \u00e9galement de fonctionnalit\u00e9s de verrouillage \u00e0 distance<\/p>\n<p>4933493143<br \/>\n4058546480141<\/p>\n","protected":false},"excerpt":{"rendered":"<p>MXF DCD350KIT-122 \/MX FUEL<\/p>\n","protected":false},"featured_media":584887,"template":"","meta":{"_seopress_robots_primary_cat":"","_seopress_titles_title":"","_seopress_titles_desc":"","_seopress_robots_index":""},"product_brand":[3407],"product_cat":[5531,29,514],"product_tag":[3270],"class_list":{"0":"post-606894","1":"product","2":"type-product","3":"status-publish","4":"has-post-thumbnail","6":"product_brand-milwaukee","7":"product_cat-vari-macchinari-milwaukee","8":"product_cat-macchinari","9":"product_cat-altri-dispositivi","10":"product_tag-import-milwau","11":"sws-conto-ricavi-merci-rivendita-macchinari-fr","12":"sws-gruppo-iva-iva81-fr","14":"first","15":"onbackorder","16":"sale","17":"shipping-taxable","18":"purchasable","19":"product-type-simple"},"_links":{"self":[{"href":"https:\/\/lucacastelli.com\/fr\/wp-json\/wp\/v2\/product\/606894","targetHints":{"allow":["GET"]}}],"collection":[{"href":"https:\/\/lucacastelli.com\/fr\/wp-json\/wp\/v2\/product"}],"about":[{"href":"https:\/\/lucacastelli.com\/fr\/wp-json\/wp\/v2\/types\/product"}],"wp:featuredmedia":[{"embeddable":true,"href":"https:\/\/lucacastelli.com\/fr\/wp-json\/wp\/v2\/media\/584887"}],"wp:attachment":[{"href":"https:\/\/lucacastelli.com\/fr\/wp-json\/wp\/v2\/media?parent=606894"}],"wp:term":[{"taxonomy":"product_brand","embeddable":true,"href":"https:\/\/lucacastelli.com\/fr\/wp-json\/wp\/v2\/product_brand?post=606894"},{"taxonomy":"product_cat","embeddable":true,"href":"https:\/\/lucacastelli.com\/fr\/wp-json\/wp\/v2\/product_cat?post=606894"},{"taxonomy":"product_tag","embeddable":true,"href":"https:\/\/lucacastelli.com\/fr\/wp-json\/wp\/v2\/product_tag?post=606894"}],"curies":[{"name":"wp","href":"https:\/\/api.w.org\/{rel}","templated":true}]}}