{"id":606885,"date":"2025-08-10T12:42:14","date_gmt":"2025-08-10T10:42:14","guid":{"rendered":"https:\/\/lucacastelli.com\/prodotto\/milwaukee-cable-de-remplacement-de-24-m-pour-le-sac-a-dos-a-batterie-mx-fuel\/"},"modified":"2025-08-10T12:42:14","modified_gmt":"2025-08-10T10:42:14","slug":"milwaukee-cable-de-remplacement-de-24-m-pour-le-sac-a-dos-a-batterie-mx-fuel","status":"publish","type":"product","link":"https:\/\/lucacastelli.com\/fr\/produit\/milwaukee-cable-de-remplacement-de-24-m-pour-le-sac-a-dos-a-batterie-mx-fuel\/","title":{"rendered":"Milwaukee C\u00e2ble de remplacement de 2,4 m pour le sac \u00e0 dos \u00e0 batterie MX FUEL."},"content":{"rendered":"<p>MXFPBET-24 Powerbox Tether 2.4m<br \/>\nC\u00e2ble de remplacement de 2,4 m avec adaptateur;L&#8217;adaptateur te permet d&#8217;utiliser des appareils portables \u00e0 partir du sol, d&#8217;un c\u00e2ble ou d&#8217;un \u00e9chafaudage<\/p>\n<p>4932498068<br \/>\n4058546512286<\/p>\n","protected":false},"excerpt":{"rendered":"<p>MXFPBET-24 Attache pour Powerbox 2.4m<\/p>\n","protected":false},"featured_media":600495,"template":"","meta":{"_seopress_robots_primary_cat":"","_seopress_titles_title":"","_seopress_titles_desc":"","_seopress_robots_index":""},"product_brand":[3407],"product_cat":[5531,29,514],"product_tag":[3270],"class_list":{"0":"post-606885","1":"product","2":"type-product","3":"status-publish","4":"has-post-thumbnail","6":"product_brand-milwaukee","7":"product_cat-vari-macchinari-milwaukee","8":"product_cat-macchinari","9":"product_cat-altri-dispositivi","10":"product_tag-import-milwau","11":"sws-conto-ricavi-merci-rivendita-macchinari-fr","12":"sws-gruppo-iva-iva81-fr","14":"first","15":"onbackorder","16":"sale","17":"shipping-taxable","18":"purchasable","19":"product-type-simple"},"_links":{"self":[{"href":"https:\/\/lucacastelli.com\/fr\/wp-json\/wp\/v2\/product\/606885","targetHints":{"allow":["GET"]}}],"collection":[{"href":"https:\/\/lucacastelli.com\/fr\/wp-json\/wp\/v2\/product"}],"about":[{"href":"https:\/\/lucacastelli.com\/fr\/wp-json\/wp\/v2\/types\/product"}],"wp:featuredmedia":[{"embeddable":true,"href":"https:\/\/lucacastelli.com\/fr\/wp-json\/wp\/v2\/media\/600495"}],"wp:attachment":[{"href":"https:\/\/lucacastelli.com\/fr\/wp-json\/wp\/v2\/media?parent=606885"}],"wp:term":[{"taxonomy":"product_brand","embeddable":true,"href":"https:\/\/lucacastelli.com\/fr\/wp-json\/wp\/v2\/product_brand?post=606885"},{"taxonomy":"product_cat","embeddable":true,"href":"https:\/\/lucacastelli.com\/fr\/wp-json\/wp\/v2\/product_cat?post=606885"},{"taxonomy":"product_tag","embeddable":true,"href":"https:\/\/lucacastelli.com\/fr\/wp-json\/wp\/v2\/product_tag?post=606885"}],"curies":[{"name":"wp","href":"https:\/\/api.w.org\/{rel}","templated":true}]}}