{"id":606884,"date":"2025-08-10T12:42:10","date_gmt":"2025-08-10T10:42:10","guid":{"rendered":"https:\/\/lucacastelli.com\/prodotto\/milwaukee-fileur-stationnaire-2%e2%80%b3-mx-fuel-avec-one-key-2\/"},"modified":"2025-08-10T12:42:10","modified_gmt":"2025-08-10T10:42:10","slug":"milwaukee-fileur-stationnaire-2%e2%80%b3-mx-fuel-avec-one-key-2","status":"publish","type":"product","link":"https:\/\/lucacastelli.com\/fr\/produit\/milwaukee-fileur-stationnaire-2%e2%80%b3-mx-fuel-avec-one-key-2\/","title":{"rendered":"Milwaukee Fileur stationnaire 2\u2033 MX FUEL avec ONE-KEY\u2122"},"content":{"rendered":"<p>MXF PTR2-601 \/MX FUEL<br \/>\nCapacit\u00e9 de filetage de 1\/8 de pouce jusqu&#8217;\u00e0 2 pouces;3 en 1 : coupe, al\u00e9sage et filetage;Performances exceptionnelles, avec 2 r\u00e9glages de vitesse de 39 tr\/min et 59 tr\/min, \u00e9gales \u00e0 celles des concurrents du filetage \u00e0 fil;Portabilit\u00e9 maximale gr\u00e2ce au chariot pliant, aucun outil n&#8217;est n\u00e9cessaire;Syst\u00e8me d&#8217;autolubrification int\u00e9gr\u00e9 avec pompe et fen\u00eatre d&#8217;huile;Possibilit\u00e9 de ranger la fileteuse \u00e0 la verticale, pour minimiser l&#8217;encombrement lors du transport ou du stockage;Autonomie pour une journ\u00e9e compl\u00e8te de travail : jusqu&#8217;\u00e0 140 cycles (coupe + al\u00e9sage + filetage) avec une batterie MX FUEL de 6 Ah;Grande polyvalence gr\u00e2ce aux broches avant et arri\u00e8re enti\u00e8rement \u00e9quip\u00e9es qui permettent d&#8217;utiliser des accessoires de rainurage \u00e0 l&#8217;arri\u00e8re de la machine;Le syst\u00e8me ONE-KEY\u2122 Tracking &amp; Security offre un suivi et une gestion des stocks gratuits bas\u00e9s sur le cloud, disposant \u00e9galement d&#8217;une fonctionnalit\u00e9 de verrouillage \u00e0 distance;Le syst\u00e8me MX FUEL te permet d&#8217;atteindre de nouveaux horizons en mati\u00e8re d&#8217;alimentation par batterie : performance des solutions \u00e0 essence, sans fil ou pneumatiques, en \u00e9liminant les risques li\u00e9s aux \u00e9missions, au bruit, aux vibrations, aux tr\u00e9buchements et \u00e0 la maintenance complexe.<\/p>\n<p>4933492100<br \/>\n4058546414672<\/p>\n","protected":false},"excerpt":{"rendered":"<p>MXF PTR2-601 \/MX FUEL<\/p>\n","protected":false},"featured_media":583429,"template":"","meta":{"_seopress_robots_primary_cat":"","_seopress_titles_title":"","_seopress_titles_desc":"","_seopress_robots_index":""},"product_brand":[3407],"product_cat":[5531,29,514],"product_tag":[3270],"class_list":{"0":"post-606884","1":"product","2":"type-product","3":"status-publish","4":"has-post-thumbnail","6":"product_brand-milwaukee","7":"product_cat-vari-macchinari-milwaukee","8":"product_cat-macchinari","9":"product_cat-altri-dispositivi","10":"product_tag-import-milwau","11":"sws-conto-ricavi-merci-rivendita-macchinari-fr","12":"sws-gruppo-iva-iva81-fr","14":"first","15":"onbackorder","16":"sale","17":"shipping-taxable","18":"purchasable","19":"product-type-simple"},"_links":{"self":[{"href":"https:\/\/lucacastelli.com\/fr\/wp-json\/wp\/v2\/product\/606884","targetHints":{"allow":["GET"]}}],"collection":[{"href":"https:\/\/lucacastelli.com\/fr\/wp-json\/wp\/v2\/product"}],"about":[{"href":"https:\/\/lucacastelli.com\/fr\/wp-json\/wp\/v2\/types\/product"}],"wp:featuredmedia":[{"embeddable":true,"href":"https:\/\/lucacastelli.com\/fr\/wp-json\/wp\/v2\/media\/583429"}],"wp:attachment":[{"href":"https:\/\/lucacastelli.com\/fr\/wp-json\/wp\/v2\/media?parent=606884"}],"wp:term":[{"taxonomy":"product_brand","embeddable":true,"href":"https:\/\/lucacastelli.com\/fr\/wp-json\/wp\/v2\/product_brand?post=606884"},{"taxonomy":"product_cat","embeddable":true,"href":"https:\/\/lucacastelli.com\/fr\/wp-json\/wp\/v2\/product_cat?post=606884"},{"taxonomy":"product_tag","embeddable":true,"href":"https:\/\/lucacastelli.com\/fr\/wp-json\/wp\/v2\/product_tag?post=606884"}],"curies":[{"name":"wp","href":"https:\/\/api.w.org\/{rel}","templated":true}]}}