{"id":606877,"date":"2025-08-10T12:42:09","date_gmt":"2025-08-10T10:42:09","guid":{"rendered":"https:\/\/lucacastelli.com\/prodotto\/milwaukee-fileur-stationnaire-2%e2%80%b3-mx-fuel-avec-one-key\/"},"modified":"2026-04-15T12:09:09","modified_gmt":"2026-04-15T10:09:09","slug":"milwaukee-fileur-stationnaire-2%e2%80%b3-mx-fuel-avec-one-key","status":"publish","type":"product","link":"https:\/\/lucacastelli.com\/fr\/produit\/milwaukee-fileur-stationnaire-2%e2%80%b3-mx-fuel-avec-one-key\/","title":{"rendered":"MILWAUKEE Machine \u00e0 fileter stationnaire 2\u2033 MX FUEL\u2122 avec ONE-KEY\u2122"},"content":{"rendered":"<p>MXF PTR2-0 \/ MX FUEL<br \/>\nCapacit\u00e9 de filetage de 1\/8 pouce jusqu\u2019\u00e0 2 pouces ; 3 en 1 : coupe, \u00e9bavurage et filetage ; Performances exceptionnelles avec 2 r\u00e9glages de vitesse de 39 tr\/min et 59 tr\/min, \u00e9quivalentes aux concurrents filaires ; Portabilit\u00e9 maximale gr\u00e2ce au chariot pliable, sans outils ; Syst\u00e8me d\u2019autolubrification int\u00e9gr\u00e9 avec pompe et fen\u00eatre d\u2019huile ; Possibilit\u00e9 de stocker la machine \u00e0 fileter verticalement pour minimiser l\u2019encombrement pendant le transport ou en entrep\u00f4t ; Autonomie pour une journ\u00e9e de travail : jusqu\u2019\u00e0 140 cycles (coupe + \u00e9bavurage + filetage) avec une batterie MX FUEL\u2122 de 6 Ah ; Grande polyvalence gr\u00e2ce aux mandrins avant et arri\u00e8re enti\u00e8rement \u00e9quip\u00e9s permettant l\u2019utilisation d\u2019\u00e9quipements de rainurage \u00e0 l\u2019arri\u00e8re de la machine ; Le syst\u00e8me ONE-KEY\u2122 Tracking &amp; Security offre gratuitement un service de suivi et de gestion d\u2019inventaire bas\u00e9 sur le cloud, avec des fonctionnalit\u00e9s de verrouillage \u00e0 distance ; Le syst\u00e8me MX FUEL\u2122 permet d\u2019atteindre de nouveaux horizons sur batterie : performances des solutions \u00e0 essence, filaires ou pneumatiques, \u00e9liminant les dangers li\u00e9s aux \u00e9missions, au bruit, aux vibrations, aux tr\u00e9buchements et \u00e0 la maintenance complexe<\/p>\n<p>4933498324<br \/>\n4058546521936<\/p>\n","protected":false},"excerpt":{"rendered":"<p>MXF PTR2-0 \/ MX FUEL<\/p>\n","protected":false},"featured_media":587500,"template":"","meta":{"_seopress_robots_primary_cat":"","_seopress_titles_title":"","_seopress_titles_desc":"","_seopress_robots_index":""},"product_brand":[3658],"product_cat":[5532,167,1453],"product_tag":[3273],"class_list":{"0":"post-606877","1":"product","2":"type-product","3":"status-publish","4":"has-post-thumbnail","6":"product_brand-milwaukee-fr","7":"product_cat-diverses-machines-milwaukee","8":"product_cat-machines","9":"product_cat-autres-appareils","10":"product_tag-import-milwau-fr","11":"sws-conto-ricavi-merci-rivendita-macchinari-fr","12":"sws-gruppo-iva-iva81-fr","14":"first","15":"onbackorder","16":"sale","17":"shipping-taxable","18":"purchasable","19":"product-type-simple"},"_links":{"self":[{"href":"https:\/\/lucacastelli.com\/fr\/wp-json\/wp\/v2\/product\/606877","targetHints":{"allow":["GET"]}}],"collection":[{"href":"https:\/\/lucacastelli.com\/fr\/wp-json\/wp\/v2\/product"}],"about":[{"href":"https:\/\/lucacastelli.com\/fr\/wp-json\/wp\/v2\/types\/product"}],"wp:featuredmedia":[{"embeddable":true,"href":"https:\/\/lucacastelli.com\/fr\/wp-json\/wp\/v2\/media\/587500"}],"wp:attachment":[{"href":"https:\/\/lucacastelli.com\/fr\/wp-json\/wp\/v2\/media?parent=606877"}],"wp:term":[{"taxonomy":"product_brand","embeddable":true,"href":"https:\/\/lucacastelli.com\/fr\/wp-json\/wp\/v2\/product_brand?post=606877"},{"taxonomy":"product_cat","embeddable":true,"href":"https:\/\/lucacastelli.com\/fr\/wp-json\/wp\/v2\/product_cat?post=606877"},{"taxonomy":"product_tag","embeddable":true,"href":"https:\/\/lucacastelli.com\/fr\/wp-json\/wp\/v2\/product_tag?post=606877"}],"curies":[{"name":"wp","href":"https:\/\/api.w.org\/{rel}","templated":true}]}}