{"id":606876,"date":"2025-08-10T12:42:07","date_gmt":"2025-08-10T10:42:07","guid":{"rendered":"https:\/\/lucacastelli.com\/prodotto\/milwaukee-mx-fuel-pulverisateur-de-600-mm-2\/"},"modified":"2026-04-15T12:11:05","modified_gmt":"2026-04-15T10:11:05","slug":"milwaukee-mx-fuel-pulverisateur-de-600-mm-2","status":"publish","type":"product","link":"https:\/\/lucacastelli.com\/fr\/produit\/milwaukee-mx-fuel-pulverisateur-de-600-mm-2\/","title":{"rendered":"MILWAUKEE Taloche de surfa\u00e7age MX FUEL\u2122 600 mm"},"content":{"rendered":"<p>MXFWBT60-0 600MM WALK BEHIND TROWEL<br \/>\nOffre une exp\u00e9rience de finition fluide et \u00e9quilibr\u00e9e avec des performances de 5 CV ; Syst\u00e8me AUTOSTOP\u2122 pour une protection maximale de l&#8217;utilisateur ; Jusqu&#8217;\u00e0 35 minutes d&#8217;autonomie avec 1 batterie ; Vitesse variable du disque entre 30 et 160 tr\/min ; Poign\u00e9e ergonomique pour un contr\u00f4le maximal ; R\u00e9glage de la hauteur du guidon pour un meilleur confort ; Cadran \u00e0 pas fin pour un r\u00e9glage pr\u00e9cis du pas de la lame ; Crochet de levage pour une meilleure maniabilit\u00e9 sur chantier ; Le syst\u00e8me MX FUEL\u2122 permet d&#8217;atteindre de nouveaux horizons sur batterie : performances des solutions \u00e0 essence, filaires ou pneumatiques, \u00e9liminant les dangers associ\u00e9s aux \u00e9missions, bruit, vibrations, tr\u00e9buchement ainsi que maintenance complexe ; Le syst\u00e8me ONE-KEY\u2122 Tracking &amp; Security offre gratuitement un service de tra\u00e7age et de gestion d&#8217;inventaire bas\u00e9 sur le cloud, disposant \u00e9galement de fonctionnalit\u00e9s de verrouillage \u00e0 distance<\/p>\n<p>4933498325<br \/>\n4058546521943<\/p>\n","protected":false},"excerpt":{"rendered":"<p>MXFWBT60-0 600MM WALK BEHIND TROWEL<\/p>\n","protected":false},"featured_media":587517,"template":"","meta":{"_seopress_robots_primary_cat":"","_seopress_titles_title":"","_seopress_titles_desc":"","_seopress_robots_index":""},"product_brand":[3407],"product_cat":[5531,29,514],"product_tag":[3270],"class_list":{"0":"post-606876","1":"product","2":"type-product","3":"status-publish","4":"has-post-thumbnail","6":"product_brand-milwaukee","7":"product_cat-vari-macchinari-milwaukee","8":"product_cat-macchinari","9":"product_cat-altri-dispositivi","10":"product_tag-import-milwau","11":"sws-conto-ricavi-merci-rivendita-macchinari-fr","12":"sws-gruppo-iva-iva81-fr","14":"first","15":"onbackorder","16":"sale","17":"shipping-taxable","18":"purchasable","19":"product-type-simple"},"_links":{"self":[{"href":"https:\/\/lucacastelli.com\/fr\/wp-json\/wp\/v2\/product\/606876","targetHints":{"allow":["GET"]}}],"collection":[{"href":"https:\/\/lucacastelli.com\/fr\/wp-json\/wp\/v2\/product"}],"about":[{"href":"https:\/\/lucacastelli.com\/fr\/wp-json\/wp\/v2\/types\/product"}],"wp:featuredmedia":[{"embeddable":true,"href":"https:\/\/lucacastelli.com\/fr\/wp-json\/wp\/v2\/media\/587517"}],"wp:attachment":[{"href":"https:\/\/lucacastelli.com\/fr\/wp-json\/wp\/v2\/media?parent=606876"}],"wp:term":[{"taxonomy":"product_brand","embeddable":true,"href":"https:\/\/lucacastelli.com\/fr\/wp-json\/wp\/v2\/product_brand?post=606876"},{"taxonomy":"product_cat","embeddable":true,"href":"https:\/\/lucacastelli.com\/fr\/wp-json\/wp\/v2\/product_cat?post=606876"},{"taxonomy":"product_tag","embeddable":true,"href":"https:\/\/lucacastelli.com\/fr\/wp-json\/wp\/v2\/product_tag?post=606876"}],"curies":[{"name":"wp","href":"https:\/\/api.w.org\/{rel}","templated":true}]}}