{"id":606872,"date":"2025-08-10T12:42:08","date_gmt":"2025-08-10T10:42:08","guid":{"rendered":"https:\/\/lucacastelli.com\/prodotto\/milwaukee-mx-fuel-pulverisateur-de-600-mm\/"},"modified":"2025-08-10T12:42:08","modified_gmt":"2025-08-10T10:42:08","slug":"milwaukee-mx-fuel-pulverisateur-de-600-mm","status":"publish","type":"product","link":"https:\/\/lucacastelli.com\/fr\/produit\/milwaukee-mx-fuel-pulverisateur-de-600-mm\/","title":{"rendered":"Milwaukee MX FUEL Pulv\u00e9risateur de 600 mm."},"content":{"rendered":"<p>MXFWBT60-122 TRUELLE \u00c0 PIED<br \/>\nOffre une exp\u00e9rience de finition douce et \u00e9quilibr\u00e9e gr\u00e2ce \u00e0 ses performances de 5 ch;Syst\u00e8me AUTOSTOP\u2122 pour une protection maximale de l&#8217;utilisateur;Jusqu&#8217;\u00e0 35 minutes d&#8217;autonomie sur 1 batterie;Vitesse variable du disque entre 30 et 160 tr\/min;Poign\u00e9e ergonomique pour un contr\u00f4le maximal;R\u00e9glage de la hauteur du guidon pour un confort accru;Cadran de pas fin pour un r\u00e9glage pr\u00e9cis du pas de la lame;Crochet de levage pour une plus grande maniabilit\u00e9 sur le chantier;Le syst\u00e8me MX FUEL permet d&#8217;ouvrir de nouveaux horizons en termes de performances des solutions \u00e0 essence, filaires ou pneumatiques, en \u00e9liminant les risques li\u00e9s aux \u00e9missions, au bruit, aux vibrations, aux tr\u00e9buchements ainsi qu&#8217;\u00e0 l&#8217;entretien complexe;Le syst\u00e8me de suivi et de s\u00e9curit\u00e9 ONE-KEY\u2122 offre un suivi et une gestion des stocks gratuits bas\u00e9s sur le cloud, y compris une fonctionnalit\u00e9 de verrouillage \u00e0 distance.<\/p>\n<p>4933493601<br \/>\n4058546484729<\/p>\n","protected":false},"excerpt":{"rendered":"<p>MXFWBT60-122 TRUELLE \u00c0 PIED<\/p>\n","protected":false},"featured_media":586444,"template":"","meta":{"_seopress_robots_primary_cat":"","_seopress_titles_title":"","_seopress_titles_desc":"","_seopress_robots_index":""},"product_brand":[3658],"product_cat":[1453,5532,167],"product_tag":[3273],"class_list":{"0":"post-606872","1":"product","2":"type-product","3":"status-publish","4":"has-post-thumbnail","6":"product_brand-milwaukee-fr","7":"product_cat-autres-appareils","8":"product_cat-diverses-machines-milwaukee","9":"product_cat-machines","10":"product_tag-import-milwau-fr","11":"sws-conto-ricavi-merci-rivendita-macchinari-fr","12":"sws-gruppo-iva-iva81-fr","14":"first","15":"onbackorder","16":"sale","17":"shipping-taxable","18":"purchasable","19":"product-type-simple"},"_links":{"self":[{"href":"https:\/\/lucacastelli.com\/fr\/wp-json\/wp\/v2\/product\/606872","targetHints":{"allow":["GET"]}}],"collection":[{"href":"https:\/\/lucacastelli.com\/fr\/wp-json\/wp\/v2\/product"}],"about":[{"href":"https:\/\/lucacastelli.com\/fr\/wp-json\/wp\/v2\/types\/product"}],"wp:featuredmedia":[{"embeddable":true,"href":"https:\/\/lucacastelli.com\/fr\/wp-json\/wp\/v2\/media\/586444"}],"wp:attachment":[{"href":"https:\/\/lucacastelli.com\/fr\/wp-json\/wp\/v2\/media?parent=606872"}],"wp:term":[{"taxonomy":"product_brand","embeddable":true,"href":"https:\/\/lucacastelli.com\/fr\/wp-json\/wp\/v2\/product_brand?post=606872"},{"taxonomy":"product_cat","embeddable":true,"href":"https:\/\/lucacastelli.com\/fr\/wp-json\/wp\/v2\/product_cat?post=606872"},{"taxonomy":"product_tag","embeddable":true,"href":"https:\/\/lucacastelli.com\/fr\/wp-json\/wp\/v2\/product_tag?post=606872"}],"curies":[{"name":"wp","href":"https:\/\/api.w.org\/{rel}","templated":true}]}}