{"id":606867,"date":"2025-08-09T19:13:52","date_gmt":"2025-08-09T17:13:52","guid":{"rendered":"https:\/\/lucacastelli.com\/prodotto\/milwaukee-les-rallonges-electriques-%c2%bc%e2%80%b3-4\/"},"modified":"2025-08-09T19:13:52","modified_gmt":"2025-08-09T17:13:52","slug":"milwaukee-les-rallonges-electriques-%c2%bc%e2%80%b3-4","status":"publish","type":"product","link":"https:\/\/lucacastelli.com\/fr\/produit\/milwaukee-les-rallonges-electriques-%c2%bc%e2%80%b3-4\/","title":{"rendered":"Milwaukee Les rallonges \u00e9lectriques \u00bc\u2033."},"content":{"rendered":"<p>EXTENSION 1\/4&#8221; &#8211; 356 mm<br \/>\nMolettes de pr\u00e9cision sur l&#8217;arbre et l&#8217;extr\u00e9mit\u00e9 femelle pour une meilleure prise et un meilleur contr\u00f4le.;Impression au laser pour une identification rapide et facile.;Finition chrom\u00e9e pour prot\u00e9ger contre la corrosion et la rouille.<\/p>\n<p>4932480910<br \/>\n4058546411954<\/p>\n","protected":false},"excerpt":{"rendered":"<p>rallonge 1\/4&#8221; &#8211; 356 mm<\/p>\n","protected":false},"featured_media":554425,"template":"","meta":{"_seopress_robots_primary_cat":"","_seopress_titles_title":"","_seopress_titles_desc":"","_seopress_robots_index":""},"product_brand":[3658],"product_cat":[144,5417],"product_tag":[3273],"class_list":{"0":"post-606867","1":"product","2":"type-product","3":"status-publish","4":"has-post-thumbnail","6":"product_brand-milwaukee-fr","7":"product_cat-equipement","8":"product_cat-outils-pour-atelier","9":"product_tag-import-milwau-fr","10":"sws-conto-ricavi-merci-rivendita-macchinari-fr","11":"sws-gruppo-iva-iva81-fr","13":"first","14":"onbackorder","15":"sale","16":"shipping-taxable","17":"purchasable","18":"product-type-simple"},"_links":{"self":[{"href":"https:\/\/lucacastelli.com\/fr\/wp-json\/wp\/v2\/product\/606867","targetHints":{"allow":["GET"]}}],"collection":[{"href":"https:\/\/lucacastelli.com\/fr\/wp-json\/wp\/v2\/product"}],"about":[{"href":"https:\/\/lucacastelli.com\/fr\/wp-json\/wp\/v2\/types\/product"}],"wp:featuredmedia":[{"embeddable":true,"href":"https:\/\/lucacastelli.com\/fr\/wp-json\/wp\/v2\/media\/554425"}],"wp:attachment":[{"href":"https:\/\/lucacastelli.com\/fr\/wp-json\/wp\/v2\/media?parent=606867"}],"wp:term":[{"taxonomy":"product_brand","embeddable":true,"href":"https:\/\/lucacastelli.com\/fr\/wp-json\/wp\/v2\/product_brand?post=606867"},{"taxonomy":"product_cat","embeddable":true,"href":"https:\/\/lucacastelli.com\/fr\/wp-json\/wp\/v2\/product_cat?post=606867"},{"taxonomy":"product_tag","embeddable":true,"href":"https:\/\/lucacastelli.com\/fr\/wp-json\/wp\/v2\/product_tag?post=606867"}],"curies":[{"name":"wp","href":"https:\/\/api.w.org\/{rel}","templated":true}]}}