{"id":606864,"date":"2025-08-09T19:13:53","date_gmt":"2025-08-09T17:13:53","guid":{"rendered":"https:\/\/lucacastelli.com\/prodotto\/milwaukee-%c2%bd%e2%80%b3-extensions\/"},"modified":"2025-08-09T19:13:53","modified_gmt":"2025-08-09T17:13:53","slug":"milwaukee-%c2%bd%e2%80%b3-extensions","status":"publish","type":"product","link":"https:\/\/lucacastelli.com\/fr\/produit\/milwaukee-%c2%bd%e2%80%b3-extensions\/","title":{"rendered":"Milwaukee \u00bd\u2033 extensions"},"content":{"rendered":"<p>PROLONG 1\/2&#8221; &#8211; 76 mm<br \/>\nMolettes de pr\u00e9cision sur la tige et l&#8217;extr\u00e9mit\u00e9 femelle pour une meilleure prise et un meilleur contr\u00f4le.;Impression au laser pour une identification rapide et facile.;Finition chrom\u00e9e pour prot\u00e9ger contre la corrosion et la rouille.<\/p>\n<p>4932480915<br \/>\n4058546412005<\/p>\n","protected":false},"excerpt":{"rendered":"<p>EXTENSION 1\/2&#8221; &#8211; 76 mm<\/p>\n","protected":false},"featured_media":554450,"template":"","meta":{"_seopress_robots_primary_cat":"","_seopress_titles_title":"","_seopress_titles_desc":"","_seopress_robots_index":""},"product_brand":[3658],"product_cat":[5417,144],"product_tag":[3270],"class_list":{"0":"post-606864","1":"product","2":"type-product","3":"status-publish","4":"has-post-thumbnail","6":"product_brand-milwaukee-fr","7":"product_cat-outils-pour-atelier","8":"product_cat-equipement","9":"product_tag-import-milwau","10":"sws-conto-ricavi-merci-rivendita-macchinari-fr","11":"sws-gruppo-iva-iva81-fr","13":"first","14":"onbackorder","15":"sale","16":"shipping-taxable","17":"purchasable","18":"product-type-simple"},"_links":{"self":[{"href":"https:\/\/lucacastelli.com\/fr\/wp-json\/wp\/v2\/product\/606864","targetHints":{"allow":["GET"]}}],"collection":[{"href":"https:\/\/lucacastelli.com\/fr\/wp-json\/wp\/v2\/product"}],"about":[{"href":"https:\/\/lucacastelli.com\/fr\/wp-json\/wp\/v2\/types\/product"}],"wp:featuredmedia":[{"embeddable":true,"href":"https:\/\/lucacastelli.com\/fr\/wp-json\/wp\/v2\/media\/554450"}],"wp:attachment":[{"href":"https:\/\/lucacastelli.com\/fr\/wp-json\/wp\/v2\/media?parent=606864"}],"wp:term":[{"taxonomy":"product_brand","embeddable":true,"href":"https:\/\/lucacastelli.com\/fr\/wp-json\/wp\/v2\/product_brand?post=606864"},{"taxonomy":"product_cat","embeddable":true,"href":"https:\/\/lucacastelli.com\/fr\/wp-json\/wp\/v2\/product_cat?post=606864"},{"taxonomy":"product_tag","embeddable":true,"href":"https:\/\/lucacastelli.com\/fr\/wp-json\/wp\/v2\/product_tag?post=606864"}],"curies":[{"name":"wp","href":"https:\/\/api.w.org\/{rel}","templated":true}]}}