{"id":606812,"date":"2025-08-09T19:13:18","date_gmt":"2025-08-09T17:13:18","guid":{"rendered":"https:\/\/lucacastelli.com\/prodotto\/milwaukee-rallonges-avec-accouplement-oscillant-%e2%85%9c%e2%80%b3-2\/"},"modified":"2025-08-09T19:13:18","modified_gmt":"2025-08-09T17:13:18","slug":"milwaukee-rallonges-avec-accouplement-oscillant-%e2%85%9c%e2%80%b3-2","status":"publish","type":"product","link":"https:\/\/lucacastelli.com\/fr\/produit\/milwaukee-rallonges-avec-accouplement-oscillant-%e2%85%9c%e2%80%b3-2\/","title":{"rendered":"Milwaukee Rallonges avec accouplement oscillant \u215c\u2033."},"content":{"rendered":"<p>3\/8 Drive 254mm Wobble Extension<br \/>\nLa fonction pivotante offre un acc\u00e8s id\u00e9al aux espaces d&#8217;installation restreints et peut \u00e9galement \u00eatre utilis\u00e9e comme une extension standard;Zone de pr\u00e9hension nervur\u00e9e pour une meilleure prise lors du travail avec les mains;Le chromage de haute qualit\u00e9 offre une protection id\u00e9ale contre la rouille;Indication de taille moul\u00e9e pour une identification facile<\/p>\n<p>4932480925<\/p>\n","protected":false},"excerpt":{"rendered":"<p>Rallonge oscillante 3\/8 Drive 254mm<\/p>\n","protected":false},"featured_media":554528,"template":"","meta":{"_seopress_robots_primary_cat":"","_seopress_titles_title":"","_seopress_titles_desc":"","_seopress_robots_index":""},"product_brand":[3407],"product_cat":[5416,33],"product_tag":[3270],"class_list":{"0":"post-606812","1":"product","2":"type-product","3":"status-publish","4":"has-post-thumbnail","6":"product_brand-milwaukee","7":"product_cat-utensili-per-officina","8":"product_cat-attrezzature","9":"product_tag-import-milwau","10":"sws-conto-ricavi-merci-rivendita-macchinari-fr","11":"sws-gruppo-iva-iva81-fr","13":"first","14":"onbackorder","15":"sale","16":"shipping-taxable","17":"purchasable","18":"product-type-simple"},"_links":{"self":[{"href":"https:\/\/lucacastelli.com\/fr\/wp-json\/wp\/v2\/product\/606812","targetHints":{"allow":["GET"]}}],"collection":[{"href":"https:\/\/lucacastelli.com\/fr\/wp-json\/wp\/v2\/product"}],"about":[{"href":"https:\/\/lucacastelli.com\/fr\/wp-json\/wp\/v2\/types\/product"}],"wp:featuredmedia":[{"embeddable":true,"href":"https:\/\/lucacastelli.com\/fr\/wp-json\/wp\/v2\/media\/554528"}],"wp:attachment":[{"href":"https:\/\/lucacastelli.com\/fr\/wp-json\/wp\/v2\/media?parent=606812"}],"wp:term":[{"taxonomy":"product_brand","embeddable":true,"href":"https:\/\/lucacastelli.com\/fr\/wp-json\/wp\/v2\/product_brand?post=606812"},{"taxonomy":"product_cat","embeddable":true,"href":"https:\/\/lucacastelli.com\/fr\/wp-json\/wp\/v2\/product_cat?post=606812"},{"taxonomy":"product_tag","embeddable":true,"href":"https:\/\/lucacastelli.com\/fr\/wp-json\/wp\/v2\/product_tag?post=606812"}],"curies":[{"name":"wp","href":"https:\/\/api.w.org\/{rel}","templated":true}]}}