{"id":606802,"date":"2025-08-09T19:13:13","date_gmt":"2025-08-09T17:13:13","guid":{"rendered":"https:\/\/lucacastelli.com\/prodotto\/lelectricien-milwaukee-promo-pret-pour-le-packout\/"},"modified":"2025-08-09T19:13:13","modified_gmt":"2025-08-09T17:13:13","slug":"lelectricien-milwaukee-promo-pret-pour-le-packout","status":"publish","type":"product","link":"https:\/\/lucacastelli.com\/fr\/produit\/lelectricien-milwaukee-promo-pret-pour-le-packout\/","title":{"rendered":"L&#8217;\u00c9LECTRICIEN MILWAUKEE PROMO PR\u00caT POUR LE PACKOUT"},"content":{"rendered":"<p>PROMO PACKOUT \u00c9LECTRICIEN SET<br \/>\nTournevis \u00e0 trois lobes, test\u00e9 VDE SL 0,6 x 3,5 x 100 mm;Test\u00e9 jusqu&#8217;\u00e0 10 000V et garanti jusqu&#8217;\u00e0 1.000V;Diam\u00e8tre \u00e9troit pour acc\u00e9der aux applications dans les espaces restreints;Poign\u00e9e confortable \u00e0 3 c\u00f4t\u00e9s optimis\u00e9e pour un confort d&#8217;utilisation maximal et des applications \u00e0 couple \u00e9lev\u00e9;Gravure laser sur le dessus pour une identification rapide du mod\u00e8le;Conception antiroulis \u00e0 3 c\u00f4t\u00e9s pour un meilleur transfert de puissance.Trou pour fixer le tournevis aux lacets de s\u00e9curit\u00e9;;Pince \u00e0 long bec, test\u00e9e VDE 205 mm;Test\u00e9e \u00e0 10 000V et garantie \u00e0 1000V, test\u00e9e \u00e0 -40\u00b0 ,DIN ISO 5746, DIN EN\/IEC 60900;Les lames d&#8217;acier sont enti\u00e8rement forg\u00e9es, tremp\u00e9es et revenues pour une durabilit\u00e9 maximale. Finition de surface en titane gris non r\u00e9fl\u00e9chissant pour une r\u00e9sistance maximale \u00e0 la corrosion;Tranchants tremp\u00e9s par induction pour couper m\u00eame les mat\u00e9riaux les plus durs;Articulation pr\u00e9cise et flexible pour une transmission maximale de la puissance afin de travailler facilement et sans effort;Poign\u00e9e ergonomique softgrip pour le confort et la prise en main;D\u00e9tecteur de tension sans contact;D\u00e9tection de tension AC\/DC de 50 \u00e0 1000 V;Cat\u00e9gorie de surtension CAT IV 1000 V ;Capable de v\u00e9rifier la pr\u00e9sence de tension avec et sans contact;Indicateur lumineux vert lorsque l&#8217;outil est en fonctionnement;Indicateur sonore en cas de pr\u00e9sence de tension;Indicateur lumineux rouge en cas de pr\u00e9sence de tension;Bouton marche\/arr\u00eat;Clip polyvalent;;PACKOUT Slim Organisateur compact;Fait partie du syst\u00e8me de rangement modulaire PACKOUT\u2122;Construit en polym\u00e8re durable qui augmente la r\u00e9sistance aux chocs sur le chantier;L&#8217;int\u00e9rieur comporte 1 grand conteneur plus 4 petits conteneurs, tous amovibles. Tous les conteneurs contiennent des s\u00e9parateurs;Les compartiments sont scell\u00e9s pour que le contenu ne fuie pas pendant le transport;Syst\u00e8me de protection IP65 pour prot\u00e9ger contre la pluie et les d\u00e9bris de chantier.  <\/p>\n<p>4932493599<br \/>\n4058546484705<\/p>\n","protected":false},"excerpt":{"rendered":"<p>PROMO PACKOUT \u00c9LECTRICIEN SET<\/p>\n","protected":false},"featured_media":562754,"template":"","meta":{"_seopress_robots_primary_cat":"","_seopress_titles_title":"","_seopress_titles_desc":"","_seopress_robots_index":""},"product_brand":[3407],"product_cat":[5416,33],"product_tag":[3270],"class_list":{"0":"post-606802","1":"product","2":"type-product","3":"status-publish","4":"has-post-thumbnail","6":"product_brand-milwaukee","7":"product_cat-utensili-per-officina","8":"product_cat-attrezzature","9":"product_tag-import-milwau","10":"sws-conto-ricavi-merci-rivendita-macchinari-fr","11":"sws-gruppo-iva-iva81-fr","13":"first","14":"onbackorder","15":"sale","16":"shipping-taxable","17":"purchasable","18":"product-type-simple"},"_links":{"self":[{"href":"https:\/\/lucacastelli.com\/fr\/wp-json\/wp\/v2\/product\/606802","targetHints":{"allow":["GET"]}}],"collection":[{"href":"https:\/\/lucacastelli.com\/fr\/wp-json\/wp\/v2\/product"}],"about":[{"href":"https:\/\/lucacastelli.com\/fr\/wp-json\/wp\/v2\/types\/product"}],"wp:featuredmedia":[{"embeddable":true,"href":"https:\/\/lucacastelli.com\/fr\/wp-json\/wp\/v2\/media\/562754"}],"wp:attachment":[{"href":"https:\/\/lucacastelli.com\/fr\/wp-json\/wp\/v2\/media?parent=606802"}],"wp:term":[{"taxonomy":"product_brand","embeddable":true,"href":"https:\/\/lucacastelli.com\/fr\/wp-json\/wp\/v2\/product_brand?post=606802"},{"taxonomy":"product_cat","embeddable":true,"href":"https:\/\/lucacastelli.com\/fr\/wp-json\/wp\/v2\/product_cat?post=606802"},{"taxonomy":"product_tag","embeddable":true,"href":"https:\/\/lucacastelli.com\/fr\/wp-json\/wp\/v2\/product_tag?post=606802"}],"curies":[{"name":"wp","href":"https:\/\/api.w.org\/{rel}","templated":true}]}}