{"id":606795,"date":"2025-08-09T19:13:12","date_gmt":"2025-08-09T17:13:12","guid":{"rendered":"https:\/\/lucacastelli.com\/prodotto\/milwaukee-carre-articule-male-1-2%cb%9d\/"},"modified":"2025-08-09T19:13:12","modified_gmt":"2025-08-09T17:13:12","slug":"milwaukee-carre-articule-male-1-2%cb%9d","status":"publish","type":"product","link":"https:\/\/lucacastelli.com\/fr\/produit\/milwaukee-carre-articule-male-1-2%cb%9d\/","title":{"rendered":"Milwaukee Carr\u00e9 articul\u00e9 m\u00e2le 1\/2\u02dd"},"content":{"rendered":"<p>Moyeu m\u00e2le QUADRO 1\/2 &#8211; 610 mm<br \/>\nFournit un effet de levier suppl\u00e9mentaire pour des boulons plus r\u00e9sistants;T\u00eate pivotante \u00e0 180\u00b0<\/p>\n<p>4932471867<br \/>\n4058546297664<\/p>\n","protected":false},"excerpt":{"rendered":"<p>M\u00e2le fendu carr\u00e9 1\/2 &#8211; 610 mm<\/p>\n","protected":false},"featured_media":538080,"template":"","meta":{"_seopress_robots_primary_cat":"","_seopress_titles_title":"","_seopress_titles_desc":"","_seopress_robots_index":""},"product_brand":[3407],"product_cat":[5416,33],"product_tag":[3270],"class_list":{"0":"post-606795","1":"product","2":"type-product","3":"status-publish","4":"has-post-thumbnail","6":"product_brand-milwaukee","7":"product_cat-utensili-per-officina","8":"product_cat-attrezzature","9":"product_tag-import-milwau","10":"sws-conto-ricavi-merci-rivendita-macchinari-fr","11":"sws-gruppo-iva-iva81-fr","13":"first","14":"onbackorder","15":"sale","16":"shipping-taxable","17":"purchasable","18":"product-type-simple"},"_links":{"self":[{"href":"https:\/\/lucacastelli.com\/fr\/wp-json\/wp\/v2\/product\/606795","targetHints":{"allow":["GET"]}}],"collection":[{"href":"https:\/\/lucacastelli.com\/fr\/wp-json\/wp\/v2\/product"}],"about":[{"href":"https:\/\/lucacastelli.com\/fr\/wp-json\/wp\/v2\/types\/product"}],"wp:featuredmedia":[{"embeddable":true,"href":"https:\/\/lucacastelli.com\/fr\/wp-json\/wp\/v2\/media\/538080"}],"wp:attachment":[{"href":"https:\/\/lucacastelli.com\/fr\/wp-json\/wp\/v2\/media?parent=606795"}],"wp:term":[{"taxonomy":"product_brand","embeddable":true,"href":"https:\/\/lucacastelli.com\/fr\/wp-json\/wp\/v2\/product_brand?post=606795"},{"taxonomy":"product_cat","embeddable":true,"href":"https:\/\/lucacastelli.com\/fr\/wp-json\/wp\/v2\/product_cat?post=606795"},{"taxonomy":"product_tag","embeddable":true,"href":"https:\/\/lucacastelli.com\/fr\/wp-json\/wp\/v2\/product_tag?post=606795"}],"curies":[{"name":"wp","href":"https:\/\/api.w.org\/{rel}","templated":true}]}}