{"id":606793,"date":"2025-08-09T19:13:10","date_gmt":"2025-08-09T17:13:10","guid":{"rendered":"https:\/\/lucacastelli.com\/prodotto\/raccords-3-8-milwaukee-2\/"},"modified":"2025-08-09T19:13:10","modified_gmt":"2025-08-09T17:13:10","slug":"raccords-3-8-milwaukee-2","status":"publish","type":"product","link":"https:\/\/lucacastelli.com\/fr\/produit\/raccords-3-8-milwaukee-2\/","title":{"rendered":"Raccords 3\/8&#8221; Milwaukee"},"content":{"rendered":"<p>F RACCORDEMENT AVEC F 3\/8in M 1\/4in<br \/>\nQUATRE FLAT\u2122 conception pour \u00e9viter de rouler.&lt;br&gt;  La conception FOUR FLAT\u2122 permet d&#8217;utiliser des cl\u00e9s \u00e0 rouleaux.&lt;br&gt;  Permet d&#8217;adapter le cliquet \u00e0 une plus large gamme de douilles.&lt;br&gt;  Mesures imprim\u00e9es et remplies d&#8217;encre pour une identification rapide.&lt;br&gt;  Finition chrom\u00e9e pour r\u00e9sister \u00e0 la rouille au fil du temps.<\/p>\n<p>4932480648<br \/>\n4058546409333<\/p>\n","protected":false},"excerpt":{"rendered":"<p>F RACCORDEMENT AVEC F 3\/8in M 1\/4in<\/p>\n","protected":false},"featured_media":553159,"template":"","meta":{"_seopress_robots_primary_cat":"","_seopress_titles_title":"","_seopress_titles_desc":"","_seopress_robots_index":""},"product_brand":[3407],"product_cat":[5416,33],"product_tag":[3270],"class_list":{"0":"post-606793","1":"product","2":"type-product","3":"status-publish","4":"has-post-thumbnail","6":"product_brand-milwaukee","7":"product_cat-utensili-per-officina","8":"product_cat-attrezzature","9":"product_tag-import-milwau","10":"sws-conto-ricavi-merci-rivendita-macchinari-fr","11":"sws-gruppo-iva-iva81-fr","13":"first","14":"onbackorder","15":"sale","16":"shipping-taxable","17":"purchasable","18":"product-type-simple"},"_links":{"self":[{"href":"https:\/\/lucacastelli.com\/fr\/wp-json\/wp\/v2\/product\/606793","targetHints":{"allow":["GET"]}}],"collection":[{"href":"https:\/\/lucacastelli.com\/fr\/wp-json\/wp\/v2\/product"}],"about":[{"href":"https:\/\/lucacastelli.com\/fr\/wp-json\/wp\/v2\/types\/product"}],"wp:featuredmedia":[{"embeddable":true,"href":"https:\/\/lucacastelli.com\/fr\/wp-json\/wp\/v2\/media\/553159"}],"wp:attachment":[{"href":"https:\/\/lucacastelli.com\/fr\/wp-json\/wp\/v2\/media?parent=606793"}],"wp:term":[{"taxonomy":"product_brand","embeddable":true,"href":"https:\/\/lucacastelli.com\/fr\/wp-json\/wp\/v2\/product_brand?post=606793"},{"taxonomy":"product_cat","embeddable":true,"href":"https:\/\/lucacastelli.com\/fr\/wp-json\/wp\/v2\/product_cat?post=606793"},{"taxonomy":"product_tag","embeddable":true,"href":"https:\/\/lucacastelli.com\/fr\/wp-json\/wp\/v2\/product_tag?post=606793"}],"curies":[{"name":"wp","href":"https:\/\/api.w.org\/{rel}","templated":true}]}}