{"id":606786,"date":"2025-08-09T19:13:07","date_gmt":"2025-08-09T17:13:07","guid":{"rendered":"https:\/\/lucacastelli.com\/prodotto\/milwaukee-raccord-de-1-4-po\/"},"modified":"2025-08-09T19:13:07","modified_gmt":"2025-08-09T17:13:07","slug":"milwaukee-raccord-de-1-4-po","status":"publish","type":"product","link":"https:\/\/lucacastelli.com\/fr\/produit\/milwaukee-raccord-de-1-4-po\/","title":{"rendered":"Milwaukee Raccord de 1\/4 po"},"content":{"rendered":"<p>RACCORDEMENT AVEC F 1\/4in M 3\/8in<br \/>\nQUATRE FLAT\u2122 conception pour \u00e9viter de rouler.&lt;br&gt;  Autoris\u00e9 pour une utilisation avec une cl\u00e9 \u00e0 molette gr\u00e2ce \u00e0 la conception FOUR FLAT\u2122.&lt;br&gt;  Permet d&#8217;adapter le cliquet \u00e0 une plus large gamme de douilles.&lt;br&gt;  Mesures imprim\u00e9es et remplies d&#8217;encre pour une identification rapide.&lt;br&gt;  Finition chrom\u00e9e pour r\u00e9sister \u00e0 la rouille au fil du temps.<\/p>\n<p>4932480646<br \/>\n4058546409319<\/p>\n","protected":false},"excerpt":{"rendered":"<p>RACCORDEMENT AVEC F 1\/4in M 3\/8in<\/p>\n","protected":false},"featured_media":553141,"template":"","meta":{"_seopress_robots_primary_cat":"","_seopress_titles_title":"","_seopress_titles_desc":"","_seopress_robots_index":""},"product_brand":[3407],"product_cat":[5416,33],"product_tag":[3270],"class_list":{"0":"post-606786","1":"product","2":"type-product","3":"status-publish","4":"has-post-thumbnail","6":"product_brand-milwaukee","7":"product_cat-utensili-per-officina","8":"product_cat-attrezzature","9":"product_tag-import-milwau","10":"sws-conto-ricavi-merci-rivendita-macchinari-fr","11":"sws-gruppo-iva-iva81-fr","13":"first","14":"onbackorder","15":"sale","16":"shipping-taxable","17":"purchasable","18":"product-type-simple"},"_links":{"self":[{"href":"https:\/\/lucacastelli.com\/fr\/wp-json\/wp\/v2\/product\/606786","targetHints":{"allow":["GET"]}}],"collection":[{"href":"https:\/\/lucacastelli.com\/fr\/wp-json\/wp\/v2\/product"}],"about":[{"href":"https:\/\/lucacastelli.com\/fr\/wp-json\/wp\/v2\/types\/product"}],"wp:featuredmedia":[{"embeddable":true,"href":"https:\/\/lucacastelli.com\/fr\/wp-json\/wp\/v2\/media\/553141"}],"wp:attachment":[{"href":"https:\/\/lucacastelli.com\/fr\/wp-json\/wp\/v2\/media?parent=606786"}],"wp:term":[{"taxonomy":"product_brand","embeddable":true,"href":"https:\/\/lucacastelli.com\/fr\/wp-json\/wp\/v2\/product_brand?post=606786"},{"taxonomy":"product_cat","embeddable":true,"href":"https:\/\/lucacastelli.com\/fr\/wp-json\/wp\/v2\/product_cat?post=606786"},{"taxonomy":"product_tag","embeddable":true,"href":"https:\/\/lucacastelli.com\/fr\/wp-json\/wp\/v2\/product_tag?post=606786"}],"curies":[{"name":"wp","href":"https:\/\/api.w.org\/{rel}","templated":true}]}}