{"id":606779,"date":"2025-08-09T19:13:06","date_gmt":"2025-08-09T17:13:06","guid":{"rendered":"https:\/\/lucacastelli.com\/prodotto\/milwaukee-sds-max-sledge-self-sharpening-chisels-burins-auto-affutants\/"},"modified":"2025-08-09T19:13:06","modified_gmt":"2025-08-09T17:13:06","slug":"milwaukee-sds-max-sledge-self-sharpening-chisels-burins-auto-affutants","status":"publish","type":"product","link":"https:\/\/lucacastelli.com\/fr\/produit\/milwaukee-sds-max-sledge-self-sharpening-chisels-burins-auto-affutants\/","title":{"rendered":"Milwaukee SDS-Max SLEDGE\u2122 Self-Sharpening Chisels (burins auto-aff\u00fbtants)"},"content":{"rendered":"<p>SCALP PIAT AUTOAFF SDS-Max400X25MM 20pcs<br \/>\nJusqu&#8217;\u00e0 2 fois plus durable que les burins standards;Auto-aff\u00fbtage, performance maximale plus longtemps;Surface de travail maximale, plus grande productivit\u00e9, plus grand enl\u00e8vement;Extr\u00e9mit\u00e9 rectifi\u00e9e. Plus tranchant plus rapidement et \u00e9vite les bourrages;Fabriqu\u00e9 en Allemagne <\/p>\n<p>4932478275<br \/>\n4058546344528<\/p>\n","protected":false},"excerpt":{"rendered":"<p>SCALP PIAT AUTOAFF SDS-Max400X25MM 20pcs<\/p>\n","protected":false},"featured_media":540557,"template":"","meta":{"_seopress_robots_primary_cat":"","_seopress_titles_title":"","_seopress_titles_desc":"","_seopress_robots_index":""},"product_brand":[3407],"product_cat":[5416,33],"product_tag":[3270],"class_list":{"0":"post-606779","1":"product","2":"type-product","3":"status-publish","4":"has-post-thumbnail","6":"product_brand-milwaukee","7":"product_cat-utensili-per-officina","8":"product_cat-attrezzature","9":"product_tag-import-milwau","10":"sws-conto-ricavi-merci-rivendita-macchinari-fr","11":"sws-gruppo-iva-iva81-fr","13":"first","14":"onbackorder","15":"sale","16":"shipping-taxable","17":"purchasable","18":"product-type-simple"},"_links":{"self":[{"href":"https:\/\/lucacastelli.com\/fr\/wp-json\/wp\/v2\/product\/606779","targetHints":{"allow":["GET"]}}],"collection":[{"href":"https:\/\/lucacastelli.com\/fr\/wp-json\/wp\/v2\/product"}],"about":[{"href":"https:\/\/lucacastelli.com\/fr\/wp-json\/wp\/v2\/types\/product"}],"wp:featuredmedia":[{"embeddable":true,"href":"https:\/\/lucacastelli.com\/fr\/wp-json\/wp\/v2\/media\/540557"}],"wp:attachment":[{"href":"https:\/\/lucacastelli.com\/fr\/wp-json\/wp\/v2\/media?parent=606779"}],"wp:term":[{"taxonomy":"product_brand","embeddable":true,"href":"https:\/\/lucacastelli.com\/fr\/wp-json\/wp\/v2\/product_brand?post=606779"},{"taxonomy":"product_cat","embeddable":true,"href":"https:\/\/lucacastelli.com\/fr\/wp-json\/wp\/v2\/product_cat?post=606779"},{"taxonomy":"product_tag","embeddable":true,"href":"https:\/\/lucacastelli.com\/fr\/wp-json\/wp\/v2\/product_tag?post=606779"}],"curies":[{"name":"wp","href":"https:\/\/api.w.org\/{rel}","templated":true}]}}