{"id":606774,"date":"2025-08-09T19:13:05","date_gmt":"2025-08-09T17:13:05","guid":{"rendered":"https:\/\/lucacastelli.com\/prodotto\/milwaukee-ciseaux-a-bois-5\/"},"modified":"2025-08-09T19:13:05","modified_gmt":"2025-08-09T17:13:05","slug":"milwaukee-ciseaux-a-bois-5","status":"publish","type":"product","link":"https:\/\/lucacastelli.com\/fr\/produit\/milwaukee-ciseaux-a-bois-5\/","title":{"rendered":"Milwaukee Ciseaux \u00e0 bois"},"content":{"rendered":"<p>SET 4 PZ CHISELS FOR WOOD<br \/>\nStructure interne en m\u00e9tal pour une durabilit\u00e9 maximale;Extr\u00e9mit\u00e9s en m\u00e9tal pour une durabilit\u00e9 accrue;Gravure de la taille sur la lame et le manche pour une identification facile;Pochette de lame pour un transport s\u00fbr<\/p>\n<p>4932479897<br \/>\n4058546376918<\/p>\n","protected":false},"excerpt":{"rendered":"<p>JEU DE CISEAUX \u00c0 BOIS 4 PI\u00c8CES<\/p>\n","protected":false},"featured_media":545101,"template":"","meta":{"_seopress_robots_primary_cat":"","_seopress_titles_title":"","_seopress_titles_desc":"","_seopress_robots_index":""},"product_brand":[3407],"product_cat":[5416,33],"product_tag":[3270],"class_list":{"0":"post-606774","1":"product","2":"type-product","3":"status-publish","4":"has-post-thumbnail","6":"product_brand-milwaukee","7":"product_cat-utensili-per-officina","8":"product_cat-attrezzature","9":"product_tag-import-milwau","10":"sws-conto-ricavi-merci-rivendita-macchinari-fr","11":"sws-gruppo-iva-iva81-fr","13":"first","14":"onbackorder","15":"sale","16":"shipping-taxable","17":"purchasable","18":"product-type-simple"},"_links":{"self":[{"href":"https:\/\/lucacastelli.com\/fr\/wp-json\/wp\/v2\/product\/606774","targetHints":{"allow":["GET"]}}],"collection":[{"href":"https:\/\/lucacastelli.com\/fr\/wp-json\/wp\/v2\/product"}],"about":[{"href":"https:\/\/lucacastelli.com\/fr\/wp-json\/wp\/v2\/types\/product"}],"wp:featuredmedia":[{"embeddable":true,"href":"https:\/\/lucacastelli.com\/fr\/wp-json\/wp\/v2\/media\/545101"}],"wp:attachment":[{"href":"https:\/\/lucacastelli.com\/fr\/wp-json\/wp\/v2\/media?parent=606774"}],"wp:term":[{"taxonomy":"product_brand","embeddable":true,"href":"https:\/\/lucacastelli.com\/fr\/wp-json\/wp\/v2\/product_brand?post=606774"},{"taxonomy":"product_cat","embeddable":true,"href":"https:\/\/lucacastelli.com\/fr\/wp-json\/wp\/v2\/product_cat?post=606774"},{"taxonomy":"product_tag","embeddable":true,"href":"https:\/\/lucacastelli.com\/fr\/wp-json\/wp\/v2\/product_tag?post=606774"}],"curies":[{"name":"wp","href":"https:\/\/api.w.org\/{rel}","templated":true}]}}