{"id":606757,"date":"2025-08-09T19:12:59","date_gmt":"2025-08-09T17:12:59","guid":{"rendered":"https:\/\/lucacastelli.com\/prodotto\/milwaukee-ciseau-a-spatule-pour-le-ciselage\/"},"modified":"2025-08-09T19:12:59","modified_gmt":"2025-08-09T17:12:59","slug":"milwaukee-ciseau-a-spatule-pour-le-ciselage","status":"publish","type":"product","link":"https:\/\/lucacastelli.com\/fr\/produit\/milwaukee-ciseau-a-spatule-pour-le-ciselage\/","title":{"rendered":"Milwaukee Ciseau \u00e0 spatule &#8211; pour le ciselage"},"content":{"rendered":"<p>LAME DE RECHANGE POUR CHISEL SPATULAIRE<br \/>\nLa lame de rechange de 1 mm pour les burins de truelle SDS-Plus est fix\u00e9e \u00e0 l&#8217;aide de 3 \u00e9crous et vis au burin de truelle<\/p>\n<p>4932480543<br \/>\n4058546408282.<\/p>\n","protected":false},"excerpt":{"rendered":"<p>SPATULE DE REMPLACEMENT<\/p>\n","protected":false},"featured_media":552250,"template":"","meta":{"_seopress_robots_primary_cat":"","_seopress_titles_title":"","_seopress_titles_desc":"","_seopress_robots_index":""},"product_brand":[3407],"product_cat":[5416,33],"product_tag":[3270],"class_list":{"0":"post-606757","1":"product","2":"type-product","3":"status-publish","4":"has-post-thumbnail","6":"product_brand-milwaukee","7":"product_cat-utensili-per-officina","8":"product_cat-attrezzature","9":"product_tag-import-milwau","10":"sws-conto-ricavi-merci-rivendita-macchinari-fr","11":"sws-gruppo-iva-iva81-fr","13":"first","14":"onbackorder","15":"sale","16":"shipping-taxable","17":"purchasable","18":"product-type-simple"},"_links":{"self":[{"href":"https:\/\/lucacastelli.com\/fr\/wp-json\/wp\/v2\/product\/606757","targetHints":{"allow":["GET"]}}],"collection":[{"href":"https:\/\/lucacastelli.com\/fr\/wp-json\/wp\/v2\/product"}],"about":[{"href":"https:\/\/lucacastelli.com\/fr\/wp-json\/wp\/v2\/types\/product"}],"wp:featuredmedia":[{"embeddable":true,"href":"https:\/\/lucacastelli.com\/fr\/wp-json\/wp\/v2\/media\/552250"}],"wp:attachment":[{"href":"https:\/\/lucacastelli.com\/fr\/wp-json\/wp\/v2\/media?parent=606757"}],"wp:term":[{"taxonomy":"product_brand","embeddable":true,"href":"https:\/\/lucacastelli.com\/fr\/wp-json\/wp\/v2\/product_brand?post=606757"},{"taxonomy":"product_cat","embeddable":true,"href":"https:\/\/lucacastelli.com\/fr\/wp-json\/wp\/v2\/product_cat?post=606757"},{"taxonomy":"product_tag","embeddable":true,"href":"https:\/\/lucacastelli.com\/fr\/wp-json\/wp\/v2\/product_tag?post=606757"}],"curies":[{"name":"wp","href":"https:\/\/api.w.org\/{rel}","templated":true}]}}