{"id":606755,"date":"2025-08-09T19:12:57","date_gmt":"2025-08-09T17:12:57","guid":{"rendered":"https:\/\/lucacastelli.com\/prodotto\/milwaukee-set-4-pcs-crochets-no-1\/"},"modified":"2025-08-09T19:12:57","modified_gmt":"2025-08-09T17:12:57","slug":"milwaukee-set-4-pcs-crochets-no-1","status":"publish","type":"product","link":"https:\/\/lucacastelli.com\/fr\/produit\/milwaukee-set-4-pcs-crochets-no-1\/","title":{"rendered":"MILWAUKEE SET 4 PCS. CROCHETS NO. 1"},"content":{"rendered":"<p>SET 4 PZ KNIVES N\u00b01<br \/>\nConstruit en m\u00e9tal durable et chrom\u00e9 pour une protection accrue contre la rouille;La partie m\u00e9tallique chrom\u00e9e r\u00e9duit la corrosion et offre une protection accrue contre la rouille;La poign\u00e9e caoutchout\u00e9e augmente le contr\u00f4le et le confort pendant l&#8217;application;Fourni dans un r\u00e9cipient facile \u00e0 ouvrir<\/p>\n<p>4932499471<br \/>\n4058546566357<\/p>\n","protected":false},"excerpt":{"rendered":"<p>SET 4 PCS CROCHETS NO. 1<\/p>\n","protected":false},"featured_media":592460,"template":"","meta":{"_seopress_robots_primary_cat":"","_seopress_titles_title":"","_seopress_titles_desc":"","_seopress_robots_index":""},"product_brand":[3407],"product_cat":[5416,33],"product_tag":[3270],"class_list":{"0":"post-606755","1":"product","2":"type-product","3":"status-publish","4":"has-post-thumbnail","6":"product_brand-milwaukee","7":"product_cat-utensili-per-officina","8":"product_cat-attrezzature","9":"product_tag-import-milwau","10":"sws-conto-ricavi-merci-rivendita-macchinari-fr","11":"sws-gruppo-iva-iva81-fr","13":"first","14":"onbackorder","15":"sale","16":"shipping-taxable","17":"purchasable","18":"product-type-simple"},"_links":{"self":[{"href":"https:\/\/lucacastelli.com\/fr\/wp-json\/wp\/v2\/product\/606755","targetHints":{"allow":["GET"]}}],"collection":[{"href":"https:\/\/lucacastelli.com\/fr\/wp-json\/wp\/v2\/product"}],"about":[{"href":"https:\/\/lucacastelli.com\/fr\/wp-json\/wp\/v2\/types\/product"}],"wp:featuredmedia":[{"embeddable":true,"href":"https:\/\/lucacastelli.com\/fr\/wp-json\/wp\/v2\/media\/592460"}],"wp:attachment":[{"href":"https:\/\/lucacastelli.com\/fr\/wp-json\/wp\/v2\/media?parent=606755"}],"wp:term":[{"taxonomy":"product_brand","embeddable":true,"href":"https:\/\/lucacastelli.com\/fr\/wp-json\/wp\/v2\/product_brand?post=606755"},{"taxonomy":"product_cat","embeddable":true,"href":"https:\/\/lucacastelli.com\/fr\/wp-json\/wp\/v2\/product_cat?post=606755"},{"taxonomy":"product_tag","embeddable":true,"href":"https:\/\/lucacastelli.com\/fr\/wp-json\/wp\/v2\/product_tag?post=606755"}],"curies":[{"name":"wp","href":"https:\/\/api.w.org\/{rel}","templated":true}]}}