{"id":606752,"date":"2025-08-09T19:12:58","date_gmt":"2025-08-09T17:12:58","guid":{"rendered":"https:\/\/lucacastelli.com\/prodotto\/milwaukee-ciseau-de-demolition\/"},"modified":"2025-08-09T19:12:58","modified_gmt":"2025-08-09T17:12:58","slug":"milwaukee-ciseau-de-demolition","status":"publish","type":"product","link":"https:\/\/lucacastelli.com\/fr\/produit\/milwaukee-ciseau-de-demolition\/","title":{"rendered":"Milwaukee Ciseau de d\u00e9molition"},"content":{"rendered":"<p>CISEAUX DE D\u00c9MOLITION<br \/>\nNoyau en m\u00e9tal tremp\u00e9 pour une durabilit\u00e9 maximale;Extr\u00e9mit\u00e9s sup\u00e9rieures en m\u00e9tal tremp\u00e9 pour une performance de burinage maximale;Peut \u00e9galement \u00eatre appliqu\u00e9 \u00e0 la t\u00f4le (per\u00e7age)<\/p>\n<p>4932480975<br \/>\n4058546412609<\/p>\n","protected":false},"excerpt":{"rendered":"<p>CISEAU DE D\u00c9MOLITION<\/p>\n","protected":false},"featured_media":554591,"template":"","meta":{"_seopress_robots_primary_cat":"","_seopress_titles_title":"","_seopress_titles_desc":"","_seopress_robots_index":""},"product_brand":[3407],"product_cat":[5416,33],"product_tag":[3270],"class_list":{"0":"post-606752","1":"product","2":"type-product","3":"status-publish","4":"has-post-thumbnail","6":"product_brand-milwaukee","7":"product_cat-utensili-per-officina","8":"product_cat-attrezzature","9":"product_tag-import-milwau","10":"sws-conto-ricavi-merci-rivendita-macchinari-fr","11":"sws-gruppo-iva-iva81-fr","13":"first","14":"onbackorder","15":"sale","16":"shipping-taxable","17":"purchasable","18":"product-type-simple"},"_links":{"self":[{"href":"https:\/\/lucacastelli.com\/fr\/wp-json\/wp\/v2\/product\/606752","targetHints":{"allow":["GET"]}}],"collection":[{"href":"https:\/\/lucacastelli.com\/fr\/wp-json\/wp\/v2\/product"}],"about":[{"href":"https:\/\/lucacastelli.com\/fr\/wp-json\/wp\/v2\/types\/product"}],"wp:featuredmedia":[{"embeddable":true,"href":"https:\/\/lucacastelli.com\/fr\/wp-json\/wp\/v2\/media\/554591"}],"wp:attachment":[{"href":"https:\/\/lucacastelli.com\/fr\/wp-json\/wp\/v2\/media?parent=606752"}],"wp:term":[{"taxonomy":"product_brand","embeddable":true,"href":"https:\/\/lucacastelli.com\/fr\/wp-json\/wp\/v2\/product_brand?post=606752"},{"taxonomy":"product_cat","embeddable":true,"href":"https:\/\/lucacastelli.com\/fr\/wp-json\/wp\/v2\/product_cat?post=606752"},{"taxonomy":"product_tag","embeddable":true,"href":"https:\/\/lucacastelli.com\/fr\/wp-json\/wp\/v2\/product_tag?post=606752"}],"curies":[{"name":"wp","href":"https:\/\/api.w.org\/{rel}","templated":true}]}}