{"id":606749,"date":"2025-08-09T19:12:56","date_gmt":"2025-08-09T17:12:56","guid":{"rendered":"https:\/\/lucacastelli.com\/prodotto\/milwaukee-sds-plus-mx4-jeu-de-meches-1-7-pieces\/"},"modified":"2025-08-09T19:12:56","modified_gmt":"2025-08-09T17:12:56","slug":"milwaukee-sds-plus-mx4-jeu-de-meches-1-7-pieces","status":"publish","type":"product","link":"https:\/\/lucacastelli.com\/fr\/produit\/milwaukee-sds-plus-mx4-jeu-de-meches-1-7-pieces\/","title":{"rendered":"Milwaukee SDS-Plus MX4\u2122 Jeu de m\u00e8ches 1 (7 pi\u00e8ces)"},"content":{"rendered":"<p>SET 1 SDS-Plus MX4 7pcs<br \/>\nBloc unique de 4 ar\u00eates de coupe en carbure (4&#215;90\u00b0). Pour des trous parfaitement ronds et un ancrage optimal.;Nouvelle conception de l&#8217;ar\u00eate de coupe pour un per\u00e7age facile, une plus grande pr\u00e9cision et des performances accrues sur les barres d&#8217;armature.;Ar\u00eate de coupe en carbure soud\u00e9e sur le corps du foret (5-10 mm) et ar\u00eate de coupe en carbure sertie et soud\u00e9e sur le corps du foret (12-32 mm) pour une long\u00e9vit\u00e9 accrue.G\u00e9om\u00e9trie \u00e0 4 rainures : la g\u00e9om\u00e9trie \u00e0 grand volume et \u00e0 4 h\u00e9lices garantit une \u00e9vacuation optimale de la poussi\u00e8re et des d\u00e9bris ;Pointe de centrage ;Pour un per\u00e7age ponctuel facile avec une pr\u00e9cision millim\u00e9trique.;Certifi\u00e9 PGM;Fabriqu\u00e9 en Allemagne.<\/p>\n<p>4932492113<br \/>\n4058546414801<\/p>\n","protected":false},"excerpt":{"rendered":"<p>SET 1 SDS-Plus MX4 7pcs.<\/p>\n","protected":false},"featured_media":491422,"template":"","meta":{"_seopress_robots_primary_cat":"","_seopress_titles_title":"","_seopress_titles_desc":"","_seopress_robots_index":""},"product_brand":[3407],"product_cat":[5416,33],"product_tag":[3270],"class_list":{"0":"post-606749","1":"product","2":"type-product","3":"status-publish","4":"has-post-thumbnail","6":"product_brand-milwaukee","7":"product_cat-utensili-per-officina","8":"product_cat-attrezzature","9":"product_tag-import-milwau","10":"sws-conto-ricavi-merci-rivendita-macchinari-fr","11":"sws-gruppo-iva-iva81-fr","13":"first","14":"onbackorder","15":"sale","16":"shipping-taxable","17":"purchasable","18":"product-type-simple"},"_links":{"self":[{"href":"https:\/\/lucacastelli.com\/fr\/wp-json\/wp\/v2\/product\/606749","targetHints":{"allow":["GET"]}}],"collection":[{"href":"https:\/\/lucacastelli.com\/fr\/wp-json\/wp\/v2\/product"}],"about":[{"href":"https:\/\/lucacastelli.com\/fr\/wp-json\/wp\/v2\/types\/product"}],"wp:featuredmedia":[{"embeddable":true,"href":"https:\/\/lucacastelli.com\/fr\/wp-json\/wp\/v2\/media\/491422"}],"wp:attachment":[{"href":"https:\/\/lucacastelli.com\/fr\/wp-json\/wp\/v2\/media?parent=606749"}],"wp:term":[{"taxonomy":"product_brand","embeddable":true,"href":"https:\/\/lucacastelli.com\/fr\/wp-json\/wp\/v2\/product_brand?post=606749"},{"taxonomy":"product_cat","embeddable":true,"href":"https:\/\/lucacastelli.com\/fr\/wp-json\/wp\/v2\/product_cat?post=606749"},{"taxonomy":"product_tag","embeddable":true,"href":"https:\/\/lucacastelli.com\/fr\/wp-json\/wp\/v2\/product_tag?post=606749"}],"curies":[{"name":"wp","href":"https:\/\/api.w.org\/{rel}","templated":true}]}}