{"id":606748,"date":"2025-08-09T19:12:54","date_gmt":"2025-08-09T17:12:54","guid":{"rendered":"https:\/\/lucacastelli.com\/prodotto\/milwaukee-max-bite-jeu-de-cles-mixtes-et-packout-pince-thermoformee\/"},"modified":"2025-08-09T19:12:54","modified_gmt":"2025-08-09T17:12:54","slug":"milwaukee-max-bite-jeu-de-cles-mixtes-et-packout-pince-thermoformee","status":"publish","type":"product","link":"https:\/\/lucacastelli.com\/fr\/produit\/milwaukee-max-bite-jeu-de-cles-mixtes-et-packout-pince-thermoformee\/","title":{"rendered":"Milwaukee MAX BITE\u2122 jeu de cl\u00e9s mixtes et PACKOUT pince thermoform\u00e9e."},"content":{"rendered":"<p>ENSEMBLE DE CL\u00c9S COMBIN\u00c9ES. ET DE LA PINCE MIDDLE<br \/>\nPour les mallettes PACKOUT avec tiroir;Mousse de haute qualit\u00e9 d\u00e9coup\u00e9e au laser pour un rangement parfait des outils;Jeu de 19 pi\u00e8ces, comprenant : 14 cl\u00e9s mixtes MAX BITE\u2122 (8\/9\/10\/11\/12\/13\/14\/16\/17\/18\/19\/20\/21 mm)<br \/>\nchacune avec 1 pince demi-ronde 210 mm, pince coupante160 mm, pince r\u00e9glable 150 mm, cl\u00e9 plate rotative 150 mm. <\/p>\n<p>4932493339<br \/>\n4058546482107<\/p>\n","protected":false},"excerpt":{"rendered":"<p>JEU DE CL\u00c9S MIXTES ET PINCE MODULE SOUPLE <\/p>\n","protected":false},"featured_media":600300,"template":"","meta":{"_seopress_robots_primary_cat":"","_seopress_titles_title":"","_seopress_titles_desc":"","_seopress_robots_index":""},"product_brand":[3658],"product_cat":[144,5417],"product_tag":[3273],"class_list":{"0":"post-606748","1":"product","2":"type-product","3":"status-publish","4":"has-post-thumbnail","6":"product_brand-milwaukee-fr","7":"product_cat-equipement","8":"product_cat-outils-pour-atelier","9":"product_tag-import-milwau-fr","10":"sws-conto-ricavi-merci-rivendita-macchinari-fr","11":"sws-gruppo-iva-iva81-fr","13":"first","14":"onbackorder","15":"sale","16":"shipping-taxable","17":"purchasable","18":"product-type-simple"},"_links":{"self":[{"href":"https:\/\/lucacastelli.com\/fr\/wp-json\/wp\/v2\/product\/606748","targetHints":{"allow":["GET"]}}],"collection":[{"href":"https:\/\/lucacastelli.com\/fr\/wp-json\/wp\/v2\/product"}],"about":[{"href":"https:\/\/lucacastelli.com\/fr\/wp-json\/wp\/v2\/types\/product"}],"wp:featuredmedia":[{"embeddable":true,"href":"https:\/\/lucacastelli.com\/fr\/wp-json\/wp\/v2\/media\/600300"}],"wp:attachment":[{"href":"https:\/\/lucacastelli.com\/fr\/wp-json\/wp\/v2\/media?parent=606748"}],"wp:term":[{"taxonomy":"product_brand","embeddable":true,"href":"https:\/\/lucacastelli.com\/fr\/wp-json\/wp\/v2\/product_brand?post=606748"},{"taxonomy":"product_cat","embeddable":true,"href":"https:\/\/lucacastelli.com\/fr\/wp-json\/wp\/v2\/product_cat?post=606748"},{"taxonomy":"product_tag","embeddable":true,"href":"https:\/\/lucacastelli.com\/fr\/wp-json\/wp\/v2\/product_tag?post=606748"}],"curies":[{"name":"wp","href":"https:\/\/api.w.org\/{rel}","templated":true}]}}